{"id":1824,"date":"2021-05-05T09:27:08","date_gmt":"2021-05-05T09:27:08","guid":{"rendered":"http:\/\/www.armalygal-camping.com\/politica-de-cookies\/"},"modified":"2021-11-04T09:52:51","modified_gmt":"2021-11-04T07:52:51","slug":"politica-de-cookies","status":"publish","type":"page","link":"https:\/\/www.armalygal-camping.com\/en\/politica-de-cookies\/","title":{"rendered":"Pol\u00edtica de Cookies"},"content":{"rendered":"<div class=\"wpb-content-wrapper\"><p>[vc_row css_animation=&#8221;&#8221; row_type=&#8221;row&#8221; use_row_as_full_screen_section=&#8221;no&#8221; type=&#8221;full_width&#8221; angled_section=&#8221;no&#8221; text_align=&#8221;left&#8221; background_image_as_pattern=&#8221;without_pattern&#8221; el_class=&#8221;txt-legal&#8221; z_index=&#8221;&#8221;][vc_column][vc_column_text]<\/p>\n<p class=\"p1\">Una cookie es un fichero inform\u00e1tico inofensivo que se almacena en su navegador y en los archivos temporales de su equipo cuando visita cualquier p\u00e1gina web. Sirve, entre otras cosas, para que la web sea capaz de recordar su visita anterior cuando vuelva a navegar por la misma. Las cookies suelen almacenar informaci\u00f3n t\u00e9cnica (navegador, entorno\u2026), preferencias personales, personalizaci\u00f3n, estad\u00edsticas, enlaces a redes sociales\u2026. El objetivo es adaptar el contenido a su perfil y necesidades.<\/p>\n<p class=\"p2\">Una cookie ni es un virus, ni es un troyano, ni abre ventanas emergentes (pop-up) ni almacena datos de car\u00e1cter personal (DNI, cuentas bancarias\u2026) ni realiza labores de espionaje inform\u00e1tico. Es m\u00e1s, las cookies no le identifican a usted personalmente, identifican la conjunci\u00f3n navegador-sistema operativo con la que accede a la web. Cada navegador puede soportar cookies distintas y almacenar informaci\u00f3n distinta en funci\u00f3n de su configuraci\u00f3n.<\/p>\n<p class=\"p2\">El navegador es el software encargado de procesar las cookies, almacenarlas y, en su caso, borrarlas o evitar su instalaci\u00f3n. En consecuencia, esta web no puede garantizar el correcto proceso de las mismas por parte del software utilizado para acceder a la misma.<\/p>\n<p class=\"p2\">Usted puede eliminar, e incluso bloquear completamente o por dominio, las cookies que almacena su navegador. Recuerde que este bloqueo puede provocar efectos no deseados como que no pueda acceder a las \u00e1reas privadas de la web, compartir informaci\u00f3n a trav\u00e9s de redes sociales, comentar en las noticias o, incluso, no poder realizar compras a trav\u00e9s de internet al no poder acceder satisfactoriamente al carrito de la compra.<\/p>\n<p class=\"p1\">Esta web no se hace responsable de las pol\u00edticas de privacidad de terceros con los que comparta informaci\u00f3n a trav\u00e9s de la misma o sus botones sociales como son los proveedores de redes sociales (Facebook, Twitter\u2026). En caso de dudas sobre esta pol\u00edtica de privacidad contacte con nosotros.<\/p>\n<h3 class=\"p3\"><strong><span class=\"s1\">Cookies utilizadas<\/span><\/strong><\/h3>\n<p class=\"p2\">Este sitio web utiliza las siguientes cookies propias:<\/p>\n<p class=\"p2\"><span class=\"s1\">Cookies de sesi\u00f3n:<\/span>\u00a0Tienen como finalidad evitar el spam y garantizar que quien interact\u00faa con la web es un humano y no un robot.<\/p>\n<p class=\"p2\"><span class=\"s1\">Cookies de usuario:<\/span>\u00a0Tienen como finalidad permitir el acceso a la web a trav\u00e9s de usuario y contrase\u00f1a, recordando sus preferencias.<\/p>\n<p class=\"p2\">Este sitio web utiliza las siguientes cookies de terceros.<\/p>\n<p class=\"p1\"><span class=\"s1\">Cookies anal\u00edticas:<\/span>\u00a0Tienen como finalidad poder elaborar estad\u00edsticas sobre tr\u00e1fico y visitas a esta web. Dichas cookies son titularidad de Google y para cualquier acci\u00f3n sobre las mismas habr\u00e1 de contactar con esta empresa. Google tiene suscritos acuerdos de Puerto Seguro para que sus datos, a pesar de que puedan estar almacenados en servidores fuera de la Uni\u00f3n Europea, sean tratados conforme a la normativa comunitaria de protecci\u00f3n de datos<\/p>\n<p class=\"p2\"><span class=\"s1\">Redes sociales:<\/span>\u00a0Las redes sociales utilizan cookies propias para compartir el contenido y proveedores de video como YouTube hacen uso de cookies para permitirle el visionado de los mismos<\/p>\n<p class=\"p2\"><span class=\"s1\">Cookies Publicitarias:\u00a0<\/span>Tienen como finalidad detectar el n\u00famero de impresiones de los anuncios que acompa\u00f1an a nuestra web para proveer estad\u00edsticas sobre el n\u00famero de pulsaciones que se realizan en los mismos. Dichos anuncios usan cookies titularidad de Google (Adsense)<\/p>\n<h3 class=\"p3\"><strong><span class=\"s1\">Desactivaci\u00f3n o eliminaci\u00f3n de cookies<\/span><\/strong><\/h3>\n<p class=\"p1\">Puede deshabilitar las cookies en las preferencias de navegaci\u00f3n de su navegador en cualquier momento. A continuaci\u00f3n, le facilitamos, de forma gen\u00e9rica y teniendo en cuenta que puede variar en funci\u00f3n de la versi\u00f3n instalada, los lugares m\u00e1s habituales donde puede encontrar la configuraci\u00f3n de cookies en los navegadores m\u00e1s populares:<\/p>\n<ul class=\"ul1\">\n<li class=\"li4\"><strong>Internet Explorer<\/strong>: Herramientas -&gt; Opciones de Internet -&gt; Privacidad -&gt; Configuraci\u00f3n.<\/li>\n<li class=\"li4\"><strong>Mozilla Firefox<\/strong>: Herramientas -&gt; Opciones -&gt; Privacidad -&gt; Historial -&gt; Configuraci\u00f3n Personalizada.<\/li>\n<li class=\"li4\"><strong>Google Chrome<\/strong>: Configuraci\u00f3n -&gt; Mostrar opciones avanzadas -&gt; Privacidad -&gt; Configuraci\u00f3n de contenido.<\/li>\n<li class=\"li4\"><strong>Opera<\/strong>: Configuraci\u00f3n -&gt; Opciones -&gt; Avanzado -&gt; Cookies.<span class=\"Apple-converted-space\">\u00a0\u00a0<\/span>Safari: Preferencias -&gt; Seguridad.<\/li>\n<\/ul>\n<p class=\"p5\">As\u00ed mismo lo recordamos que muchos de los navegadores existentes en la actualidad permiten el modo de navegaci\u00f3n privada, borrando las cookies y el historial de navegaci\u00f3n una vez que cierra el navegador. Contacte con su proveedor de software para m\u00e1s informaci\u00f3n.<\/p>\n<p>[\/vc_column_text][\/vc_column][\/vc_row]<\/p>\n<\/div>","protected":false},"excerpt":{"rendered":"<p>[vc_row css_animation=&#8221;&#8221; row_type=&#8221;row&#8221; use_row_as_full_screen_section=&#8221;no&#8221; type=&#8221;full_width&#8221; angled_section=&#8221;no&#8221; text_align=&#8221;left&#8221; background_image_as_pattern=&#8221;without_pattern&#8221; el_class=&#8221;txt-legal&#8221; z_index=&#8221;&#8221;][vc_column][vc_column_text] Una cookie es un fichero inform\u00e1tico inofensivo que se almacena en su navegador y en los archivos temporales de su equipo cuando visita cualquier p\u00e1gina web. Sirve, entre otras cosas, para que la web sea&#8230;<\/p>\n","protected":false},"author":1,"featured_media":0,"parent":0,"menu_order":0,"comment_status":"closed","ping_status":"closed","template":"","meta":{"footnotes":""},"class_list":["post-1824","page","type-page","status-publish","hentry"],"yoast_head":"<!-- This site is optimized with the Yoast SEO plugin v25.1 - https:\/\/yoast.com\/wordpress\/plugins\/seo\/ -->\n<title>Pol\u00edtica de Cookies - Armalygal Camping<\/title>\n<meta name=\"robots\" content=\"index, follow, max-snippet:-1, max-image-preview:large, max-video-preview:-1\" \/>\n<link rel=\"canonical\" href=\"https:\/\/www.armalygal-camping.com\/en\/politica-de-cookies\/\" \/>\n<meta property=\"og:locale\" content=\"en_US\" \/>\n<meta property=\"og:type\" content=\"article\" \/>\n<meta property=\"og:title\" content=\"Pol\u00edtica de Cookies - Armalygal Camping\" \/>\n<meta property=\"og:description\" content=\"[vc_row css_animation=&#8221;&#8221; row_type=&#8221;row&#8221; use_row_as_full_screen_section=&#8221;no&#8221; type=&#8221;full_width&#8221; angled_section=&#8221;no&#8221; text_align=&#8221;left&#8221; background_image_as_pattern=&#8221;without_pattern&#8221; el_class=&#8221;txt-legal&#8221; z_index=&#8221;&#8221;][vc_column][vc_column_text] Una cookie es un fichero inform\u00e1tico inofensivo que se almacena en su navegador y en los archivos temporales de su equipo cuando visita cualquier p\u00e1gina web. Sirve, entre otras cosas, para que la web sea...\" \/>\n<meta property=\"og:url\" content=\"https:\/\/www.armalygal-camping.com\/en\/politica-de-cookies\/\" \/>\n<meta property=\"og:site_name\" content=\"Armalygal Camping\" \/>\n<meta property=\"article:modified_time\" content=\"2021-11-04T07:52:51+00:00\" \/>\n<meta name=\"twitter:card\" content=\"summary_large_image\" \/>\n<meta name=\"twitter:label1\" content=\"Est. reading time\" \/>\n\t<meta name=\"twitter:data1\" content=\"4 minutes\" \/>\n<script type=\"application\/ld+json\" class=\"yoast-schema-graph\">{\"@context\":\"https:\/\/schema.org\",\"@graph\":[{\"@type\":\"WebPage\",\"@id\":\"https:\/\/www.armalygal-camping.com\/en\/politica-de-cookies\/\",\"url\":\"https:\/\/www.armalygal-camping.com\/en\/politica-de-cookies\/\",\"name\":\"Pol\u00edtica de Cookies - Armalygal Camping\",\"isPartOf\":{\"@id\":\"https:\/\/www.armalygal-camping.com\/en\/#website\"},\"datePublished\":\"2021-05-05T09:27:08+00:00\",\"dateModified\":\"2021-11-04T07:52:51+00:00\",\"breadcrumb\":{\"@id\":\"https:\/\/www.armalygal-camping.com\/en\/politica-de-cookies\/#breadcrumb\"},\"inLanguage\":\"en-US\",\"potentialAction\":[{\"@type\":\"ReadAction\",\"target\":[\"https:\/\/www.armalygal-camping.com\/en\/politica-de-cookies\/\"]}]},{\"@type\":\"BreadcrumbList\",\"@id\":\"https:\/\/www.armalygal-camping.com\/en\/politica-de-cookies\/#breadcrumb\",\"itemListElement\":[{\"@type\":\"ListItem\",\"position\":1,\"name\":\"Portada\",\"item\":\"https:\/\/www.armalygal-camping.com\/en\/\"},{\"@type\":\"ListItem\",\"position\":2,\"name\":\"Pol\u00edtica de Cookies\"}]},{\"@type\":\"WebSite\",\"@id\":\"https:\/\/www.armalygal-camping.com\/en\/#website\",\"url\":\"https:\/\/www.armalygal-camping.com\/en\/\",\"name\":\"Armalygal Camping\",\"description\":\"Camping Eco-Friendly en Murillo de G\u00e1llego\",\"publisher\":{\"@id\":\"https:\/\/www.armalygal-camping.com\/en\/#organization\"},\"potentialAction\":[{\"@type\":\"SearchAction\",\"target\":{\"@type\":\"EntryPoint\",\"urlTemplate\":\"https:\/\/www.armalygal-camping.com\/en\/?s={search_term_string}\"},\"query-input\":{\"@type\":\"PropertyValueSpecification\",\"valueRequired\":true,\"valueName\":\"search_term_string\"}}],\"inLanguage\":\"en-US\"},{\"@type\":\"Organization\",\"@id\":\"https:\/\/www.armalygal-camping.com\/en\/#organization\",\"name\":\"Armalygal Camping\",\"url\":\"https:\/\/www.armalygal-camping.com\/en\/\",\"logo\":{\"@type\":\"ImageObject\",\"inLanguage\":\"en-US\",\"@id\":\"https:\/\/www.armalygal-camping.com\/en\/#\/schema\/logo\/image\/\",\"url\":\"https:\/\/www.armalygal-camping.com\/wp-content\/uploads\/2021\/04\/logo.svg\",\"contentUrl\":\"https:\/\/www.armalygal-camping.com\/wp-content\/uploads\/2021\/04\/logo.svg\",\"width\":150,\"height\":150,\"caption\":\"Armalygal Camping\"},\"image\":{\"@id\":\"https:\/\/www.armalygal-camping.com\/en\/#\/schema\/logo\/image\/\"}}]}<\/script>\n<!-- \/ Yoast SEO plugin. -->","yoast_head_json":{"title":"Pol\u00edtica de Cookies - Armalygal Camping","robots":{"index":"index","follow":"follow","max-snippet":"max-snippet:-1","max-image-preview":"max-image-preview:large","max-video-preview":"max-video-preview:-1"},"canonical":"https:\/\/www.armalygal-camping.com\/en\/politica-de-cookies\/","og_locale":"en_US","og_type":"article","og_title":"Pol\u00edtica de Cookies - Armalygal Camping","og_description":"[vc_row css_animation=&#8221;&#8221; row_type=&#8221;row&#8221; use_row_as_full_screen_section=&#8221;no&#8221; type=&#8221;full_width&#8221; angled_section=&#8221;no&#8221; text_align=&#8221;left&#8221; background_image_as_pattern=&#8221;without_pattern&#8221; el_class=&#8221;txt-legal&#8221; z_index=&#8221;&#8221;][vc_column][vc_column_text] Una cookie es un fichero inform\u00e1tico inofensivo que se almacena en su navegador y en los archivos temporales de su equipo cuando visita cualquier p\u00e1gina web. Sirve, entre otras cosas, para que la web sea...","og_url":"https:\/\/www.armalygal-camping.com\/en\/politica-de-cookies\/","og_site_name":"Armalygal Camping","article_modified_time":"2021-11-04T07:52:51+00:00","twitter_card":"summary_large_image","twitter_misc":{"Est. reading time":"4 minutes"},"schema":{"@context":"https:\/\/schema.org","@graph":[{"@type":"WebPage","@id":"https:\/\/www.armalygal-camping.com\/en\/politica-de-cookies\/","url":"https:\/\/www.armalygal-camping.com\/en\/politica-de-cookies\/","name":"Pol\u00edtica de Cookies - Armalygal Camping","isPartOf":{"@id":"https:\/\/www.armalygal-camping.com\/en\/#website"},"datePublished":"2021-05-05T09:27:08+00:00","dateModified":"2021-11-04T07:52:51+00:00","breadcrumb":{"@id":"https:\/\/www.armalygal-camping.com\/en\/politica-de-cookies\/#breadcrumb"},"inLanguage":"en-US","potentialAction":[{"@type":"ReadAction","target":["https:\/\/www.armalygal-camping.com\/en\/politica-de-cookies\/"]}]},{"@type":"BreadcrumbList","@id":"https:\/\/www.armalygal-camping.com\/en\/politica-de-cookies\/#breadcrumb","itemListElement":[{"@type":"ListItem","position":1,"name":"Portada","item":"https:\/\/www.armalygal-camping.com\/en\/"},{"@type":"ListItem","position":2,"name":"Pol\u00edtica de Cookies"}]},{"@type":"WebSite","@id":"https:\/\/www.armalygal-camping.com\/en\/#website","url":"https:\/\/www.armalygal-camping.com\/en\/","name":"Armalygal Camping","description":"Camping Eco-Friendly en Murillo de G\u00e1llego","publisher":{"@id":"https:\/\/www.armalygal-camping.com\/en\/#organization"},"potentialAction":[{"@type":"SearchAction","target":{"@type":"EntryPoint","urlTemplate":"https:\/\/www.armalygal-camping.com\/en\/?s={search_term_string}"},"query-input":{"@type":"PropertyValueSpecification","valueRequired":true,"valueName":"search_term_string"}}],"inLanguage":"en-US"},{"@type":"Organization","@id":"https:\/\/www.armalygal-camping.com\/en\/#organization","name":"Armalygal Camping","url":"https:\/\/www.armalygal-camping.com\/en\/","logo":{"@type":"ImageObject","inLanguage":"en-US","@id":"https:\/\/www.armalygal-camping.com\/en\/#\/schema\/logo\/image\/","url":"https:\/\/www.armalygal-camping.com\/wp-content\/uploads\/2021\/04\/logo.svg","contentUrl":"https:\/\/www.armalygal-camping.com\/wp-content\/uploads\/2021\/04\/logo.svg","width":150,"height":150,"caption":"Armalygal Camping"},"image":{"@id":"https:\/\/www.armalygal-camping.com\/en\/#\/schema\/logo\/image\/"}}]}},"_links":{"self":[{"href":"https:\/\/www.armalygal-camping.com\/en\/wp-json\/wp\/v2\/pages\/1824","targetHints":{"allow":["GET"]}}],"collection":[{"href":"https:\/\/www.armalygal-camping.com\/en\/wp-json\/wp\/v2\/pages"}],"about":[{"href":"https:\/\/www.armalygal-camping.com\/en\/wp-json\/wp\/v2\/types\/page"}],"author":[{"embeddable":true,"href":"https:\/\/www.armalygal-camping.com\/en\/wp-json\/wp\/v2\/users\/1"}],"replies":[{"embeddable":true,"href":"https:\/\/www.armalygal-camping.com\/en\/wp-json\/wp\/v2\/comments?post=1824"}],"version-history":[{"count":2,"href":"https:\/\/www.armalygal-camping.com\/en\/wp-json\/wp\/v2\/pages\/1824\/revisions"}],"predecessor-version":[{"id":1828,"href":"https:\/\/www.armalygal-camping.com\/en\/wp-json\/wp\/v2\/pages\/1824\/revisions\/1828"}],"wp:attachment":[{"href":"https:\/\/www.armalygal-camping.com\/en\/wp-json\/wp\/v2\/media?parent=1824"}],"curies":[{"name":"wp","href":"https:\/\/api.w.org\/{rel}","templated":true}]}}