{"id":1334,"date":"2021-05-10T14:10:42","date_gmt":"2021-05-10T14:10:42","guid":{"rendered":"http:\/\/www.armalygal-camping.com\/?page_id=1334"},"modified":"2026-05-12T11:05:56","modified_gmt":"2026-05-12T09:05:56","slug":"bar-restaurante-ospot","status":"publish","type":"page","link":"https:\/\/www.armalygal-camping.com\/fr\/bar-restaurante-ospot\/","title":{"rendered":"Bar Restaurant"},"content":{"rendered":"<div class=\"wpb-content-wrapper\"><p>[vc_row css_animation=\u00a0\u00bb\u00a0\u00bb row_type=\u00a0\u00bbrow\u00a0\u00bb use_row_as_full_screen_section=\u00a0\u00bbno\u00a0\u00bb type=\u00a0\u00bbfull_width\u00a0\u00bb angled_section=\u00a0\u00bbno\u00a0\u00bb text_align=\u00a0\u00bbleft\u00a0\u00bb background_image_as_pattern=\u00a0\u00bbwithout_pattern\u00a0\u00bb css=\u00a0\u00bb.vc_custom_1620902055711{background-color: #f3f3f3 !important;}\u00a0\u00bb z_index=\u00a0\u00bb\u00a0\u00bb][vc_column][vc_empty_space height=\u00a0\u00bb150px\u00a0\u00bb][\/vc_column][\/vc_row][vc_row css_animation=\u00a0\u00bb\u00a0\u00bb row_type=\u00a0\u00bbrow\u00a0\u00bb use_row_as_full_screen_section=\u00a0\u00bbno\u00a0\u00bb type=\u00a0\u00bbfull_width\u00a0\u00bb angled_section=\u00a0\u00bbno\u00a0\u00bb text_align=\u00a0\u00bbleft\u00a0\u00bb background_image_as_pattern=\u00a0\u00bbwithout_pattern\u00a0\u00bb css=\u00a0\u00bb.vc_custom_1620902069931{background-color: #f3f3f3 !important;}\u00a0\u00bb z_index=\u00a0\u00bb\u00a0\u00bb][vc_column][vc_row_inner row_type=\u00a0\u00bbrow\u00a0\u00bb type=\u00a0\u00bbgrid\u00a0\u00bb text_align=\u00a0\u00bbleft\u00a0\u00bb css_animation=\u00a0\u00bb\u00a0\u00bb][vc_column_inner el_class=\u00a0\u00bbcenter-mobile\u00a0\u00bb][vc_column_text]<\/p>\n<h2>Installations<\/h2>\n<p>[\/vc_column_text][vc_empty_space height=\u00a0\u00bb26px\u00a0\u00bb][vc_column_text css=\u00a0\u00bb\u00a0\u00bb el_class=\u00a0\u00bbtxt-justify\u00a0\u00bb]Nous sommes\u00a0<strong>ouverts<\/strong>\u00a0du 1 avril au 12 octobre 2026.<br \/>\nParce que nous sommes ce que nous mangeons, nous voulons prendre soin de vous avec des plats pr\u00e9par\u00e9s maison avec des mati\u00e8res premi\u00e8res respectueuses de notre corps.<br \/>\n<strong>Horaires d&rsquo;ouverture :<\/strong> Mercredi et jeudi : 15h00 \u2013 21h00 ; Vendredi \u00e0 dimanche : 14h00 \u2013 22h00[\/vc_column_text][vc_empty_space height=\u00a0\u00bb26px\u00a0\u00bb][\/vc_column_inner][\/vc_row_inner][vc_empty_space height=\u00a0\u00bb150px\u00a0\u00bb][\/vc_column][\/vc_row][vc_row css_animation=\u00a0\u00bb\u00a0\u00bb row_type=\u00a0\u00bbrow\u00a0\u00bb use_row_as_full_screen_section=\u00a0\u00bbno\u00a0\u00bb type=\u00a0\u00bbfull_width\u00a0\u00bb angled_section=\u00a0\u00bbno\u00a0\u00bb text_align=\u00a0\u00bbcenter\u00a0\u00bb background_image_as_pattern=\u00a0\u00bbwithout_pattern\u00a0\u00bb css=\u00a0\u00bb.vc_custom_1620034877077{background-color: #ffa800 !important;}\u00a0\u00bb z_index=\u00a0\u00bb\u00a0\u00bb][vc_column width=\u00a0\u00bb1\/2&Prime;][vc_empty_space height=\u00a0\u00bb200px\u00a0\u00bb][vc_column_text]<\/p>\n<h2>Carte<\/h2>\n<p>[\/vc_column_text][vc_column_text]<\/p>\n<h5><span style=\"color: #ffffff;\">D\u00e9couvrez nos plats maison et nos boissons<\/span><\/h5>\n<p>[\/vc_column_text][vc_empty_space]<a  itemprop=\"url\" href=\"\/bar-restaurante-ospot\/carta\/\" target=\"_blank\" data-hover-background-color=\"#ffffff\" data-hover-border-color=\"#ffffff\" data-hover-color=\"#ffa800\" class=\"qbutton  default\" style=\"border-color: #ffffff; background-color:#ffa800;\">Voir la carte<\/a>[vc_empty_space height=\u00a0\u00bb200px\u00a0\u00bb][\/vc_column][vc_column width=\u00a0\u00bb1\/2&Prime; css=\u00a0\u00bb.vc_custom_1625495420277{background-image: url(http:\/\/www.armalygal-camping.com\/wp-content\/uploads\/2021\/07\/comida.jpg?id=931) !important;background-position: center !important;background-repeat: no-repeat !important;background-size: cover !important;}\u00a0\u00bb][vc_empty_space height=\u00a0\u00bb575px\u00a0\u00bb][\/vc_column][\/vc_row][vc_row css_animation=\u00a0\u00bb\u00a0\u00bb row_type=\u00a0\u00bbrow\u00a0\u00bb use_row_as_full_screen_section=\u00a0\u00bbno\u00a0\u00bb type=\u00a0\u00bbfull_width\u00a0\u00bb angled_section=\u00a0\u00bbno\u00a0\u00bb text_align=\u00a0\u00bbleft\u00a0\u00bb background_image_as_pattern=\u00a0\u00bbwithout_pattern\u00a0\u00bb css=\u00a0\u00bb.vc_custom_1620905394066{background-color: #f3f3f3 !important;}\u00a0\u00bb z_index=\u00a0\u00bb\u00a0\u00bb][vc_column][vc_empty_space height=\u00a0\u00bb150px\u00a0\u00bb][vc_row_inner row_type=\u00a0\u00bbrow\u00a0\u00bb type=\u00a0\u00bbgrid\u00a0\u00bb text_align=\u00a0\u00bbleft\u00a0\u00bb css_animation=\u00a0\u00bb\u00a0\u00bb][vc_column_inner][vc_column_text]<\/p>\n<h2 style=\"text-align: center;\">Contact<\/h2>\n<p>[\/vc_column_text][vc_empty_space height=\u00a0\u00bb50px\u00a0\u00bb]<span data-type=\"normal\"  class=\"qode_icon_shortcode  q_font_awsome_icon fa-2x pull-center \" style=\" \"><i class=\"qode_icon_font_awesome_5 fa5 fa fa-phone-alt qode_icon_element\" style=\"\" ><\/i><\/span>[vc_empty_space height=\u00a0\u00bb15px\u00a0\u00bb][vc_column_text]<\/p>\n<h5 style=\"text-align: center;\">+34 974 383 005<\/h5>\n<p>[\/vc_column_text][vc_empty_space height=\u00a0\u00bb50px\u00a0\u00bb]<span data-type=\"normal\"  class=\"qode_icon_shortcode  q_font_awsome_icon fa-2x pull-center \" style=\" \"><i class=\"qode_icon_font_awesome_5 fa5 fa fa-envelope qode_icon_element\" style=\"\" ><\/i><\/span>[vc_empty_space height=\u00a0\u00bb15px\u00a0\u00bb][vc_column_text css=\u00a0\u00bb\u00a0\u00bb]<\/p>\n<h5 style=\"text-align: center;\"><a class=\"icon_with_title_link\" href=\"mailto:nfo@armalygal-camping.com\">info@armalygal-camping.com<\/a><\/h5>\n<p>[\/vc_column_text][vc_empty_space height=\u00a0\u00bb50px\u00a0\u00bb]<span data-type=\"normal\"  class=\"qode_icon_shortcode  q_font_awsome_icon fa-2x pull-center \" style=\" \"><i class=\"qode_icon_font_awesome_5 fa5 fa fa-map-marker-alt qode_icon_element\" style=\"\" ><\/i><\/span>[vc_empty_space height=\u00a0\u00bb15px\u00a0\u00bb][vc_column_text]<\/p>\n<h5 style=\"text-align: center;\">Ctra. A-132. 22808<br \/>\nMurillo de G\u00e1llego.<br \/>\n(Zaragoza) ESPA\u00d1A<\/h5>\n<p>[\/vc_column_text][\/vc_column_inner][\/vc_row_inner][vc_empty_space height=\u00a0\u00bb150px\u00a0\u00bb][\/vc_column][\/vc_row]<\/p>\n<\/div>","protected":false},"excerpt":{"rendered":"<p>[vc_row css_animation=\u00a0\u00bb\u00a0\u00bb row_type=\u00a0\u00bbrow\u00a0\u00bb use_row_as_full_screen_section=\u00a0\u00bbno\u00a0\u00bb type=\u00a0\u00bbfull_width\u00a0\u00bb angled_section=\u00a0\u00bbno\u00a0\u00bb text_align=\u00a0\u00bbleft\u00a0\u00bb background_image_as_pattern=\u00a0\u00bbwithout_pattern\u00a0\u00bb css=\u00a0\u00bb.vc_custom_1620902055711{background-color: #f3f3f3 !important;}\u00a0\u00bb z_index=\u00a0\u00bb\u00a0\u00bb][vc_column][vc_empty_space height=\u00a0\u00bb150px\u00a0\u00bb][\/vc_column][\/vc_row][vc_row css_animation=\u00a0\u00bb\u00a0\u00bb row_type=\u00a0\u00bbrow\u00a0\u00bb use_row_as_full_screen_section=\u00a0\u00bbno\u00a0\u00bb type=\u00a0\u00bbfull_width\u00a0\u00bb angled_section=\u00a0\u00bbno\u00a0\u00bb text_align=\u00a0\u00bbleft\u00a0\u00bb background_image_as_pattern=\u00a0\u00bbwithout_pattern\u00a0\u00bb css=\u00a0\u00bb.vc_custom_1620902069931{background-color: #f3f3f3 !important;}\u00a0\u00bb z_index=\u00a0\u00bb\u00a0\u00bb][vc_column][vc_row_inner row_type=\u00a0\u00bbrow\u00a0\u00bb type=\u00a0\u00bbgrid\u00a0\u00bb text_align=\u00a0\u00bbleft\u00a0\u00bb css_animation=\u00a0\u00bb\u00a0\u00bb][vc_column_inner el_class=\u00a0\u00bbcenter-mobile\u00a0\u00bb][vc_column_text] Installations [\/vc_column_text][vc_empty_space height=\u00a0\u00bb26px\u00a0\u00bb][vc_column_text css=\u00a0\u00bb\u00a0\u00bb el_class=\u00a0\u00bbtxt-justify\u00a0\u00bb]Nous sommes\u00a0ouverts\u00a0du 1 avril au 12 octobre 2026. Parce que nous sommes&#8230;<\/p>\n","protected":false},"author":1,"featured_media":0,"parent":0,"menu_order":0,"comment_status":"closed","ping_status":"closed","template":"full_width.php","meta":{"footnotes":""},"class_list":["post-1334","page","type-page","status-publish","hentry"],"yoast_head":"<!-- This site is optimized with the Yoast SEO plugin v25.1 - https:\/\/yoast.com\/wordpress\/plugins\/seo\/ -->\n<title>Bar Restaurant - Armalygal Camping<\/title>\n<meta name=\"robots\" content=\"index, follow, max-snippet:-1, max-image-preview:large, max-video-preview:-1\" \/>\n<link rel=\"canonical\" href=\"https:\/\/www.armalygal-camping.com\/fr\/bar-restaurante-ospot\/\" \/>\n<meta property=\"og:locale\" content=\"fr_FR\" \/>\n<meta property=\"og:type\" content=\"article\" \/>\n<meta property=\"og:title\" content=\"Bar Restaurant - Armalygal Camping\" \/>\n<meta property=\"og:description\" content=\"[vc_row css_animation=\u00a0\u00bb\u00a0\u00bb row_type=\u00a0\u00bbrow\u00a0\u00bb use_row_as_full_screen_section=\u00a0\u00bbno\u00a0\u00bb type=\u00a0\u00bbfull_width\u00a0\u00bb angled_section=\u00a0\u00bbno\u00a0\u00bb text_align=\u00a0\u00bbleft\u00a0\u00bb background_image_as_pattern=\u00a0\u00bbwithout_pattern\u00a0\u00bb css=\u00a0\u00bb.vc_custom_1620902055711{background-color: #f3f3f3 !important;}\u00a0\u00bb z_index=\u00a0\u00bb\u00a0\u00bb][vc_column][vc_empty_space height=\u00a0\u00bb150px\u00a0\u00bb][\/vc_column][\/vc_row][vc_row css_animation=\u00a0\u00bb\u00a0\u00bb row_type=\u00a0\u00bbrow\u00a0\u00bb use_row_as_full_screen_section=\u00a0\u00bbno\u00a0\u00bb type=\u00a0\u00bbfull_width\u00a0\u00bb angled_section=\u00a0\u00bbno\u00a0\u00bb text_align=\u00a0\u00bbleft\u00a0\u00bb background_image_as_pattern=\u00a0\u00bbwithout_pattern\u00a0\u00bb css=\u00a0\u00bb.vc_custom_1620902069931{background-color: #f3f3f3 !important;}\u00a0\u00bb z_index=\u00a0\u00bb\u00a0\u00bb][vc_column][vc_row_inner row_type=\u00a0\u00bbrow\u00a0\u00bb type=\u00a0\u00bbgrid\u00a0\u00bb text_align=\u00a0\u00bbleft\u00a0\u00bb css_animation=\u00a0\u00bb\u00a0\u00bb][vc_column_inner el_class=\u00a0\u00bbcenter-mobile\u00a0\u00bb][vc_column_text] Installations [\/vc_column_text][vc_empty_space height=\u00a0\u00bb26px\u00a0\u00bb][vc_column_text css=\u00a0\u00bb\u00a0\u00bb el_class=\u00a0\u00bbtxt-justify\u00a0\u00bb]Nous sommes\u00a0ouverts\u00a0du 1 avril au 12 octobre 2026. Parce que nous sommes...\" \/>\n<meta property=\"og:url\" content=\"https:\/\/www.armalygal-camping.com\/fr\/bar-restaurante-ospot\/\" \/>\n<meta property=\"og:site_name\" content=\"Armalygal Camping\" \/>\n<meta property=\"article:modified_time\" content=\"2026-05-12T09:05:56+00:00\" \/>\n<meta name=\"twitter:card\" content=\"summary_large_image\" \/>\n<meta name=\"twitter:label1\" content=\"Dur\u00e9e de lecture estim\u00e9e\" \/>\n\t<meta name=\"twitter:data1\" content=\"1 minute\" \/>\n<script type=\"application\/ld+json\" class=\"yoast-schema-graph\">{\"@context\":\"https:\/\/schema.org\",\"@graph\":[{\"@type\":\"WebPage\",\"@id\":\"https:\/\/www.armalygal-camping.com\/fr\/bar-restaurante-ospot\/\",\"url\":\"https:\/\/www.armalygal-camping.com\/fr\/bar-restaurante-ospot\/\",\"name\":\"Bar Restaurant - Armalygal Camping\",\"isPartOf\":{\"@id\":\"https:\/\/www.armalygal-camping.com\/fr\/#website\"},\"datePublished\":\"2021-05-10T14:10:42+00:00\",\"dateModified\":\"2026-05-12T09:05:56+00:00\",\"breadcrumb\":{\"@id\":\"https:\/\/www.armalygal-camping.com\/fr\/bar-restaurante-ospot\/#breadcrumb\"},\"inLanguage\":\"fr-FR\",\"potentialAction\":[{\"@type\":\"ReadAction\",\"target\":[\"https:\/\/www.armalygal-camping.com\/fr\/bar-restaurante-ospot\/\"]}]},{\"@type\":\"BreadcrumbList\",\"@id\":\"https:\/\/www.armalygal-camping.com\/fr\/bar-restaurante-ospot\/#breadcrumb\",\"itemListElement\":[{\"@type\":\"ListItem\",\"position\":1,\"name\":\"Portada\",\"item\":\"https:\/\/www.armalygal-camping.com\/fr\/\"},{\"@type\":\"ListItem\",\"position\":2,\"name\":\"Bar Restaurant\"}]},{\"@type\":\"WebSite\",\"@id\":\"https:\/\/www.armalygal-camping.com\/fr\/#website\",\"url\":\"https:\/\/www.armalygal-camping.com\/fr\/\",\"name\":\"Armalygal Camping\",\"description\":\"Camping Eco-Friendly en Murillo de G\u00e1llego\",\"publisher\":{\"@id\":\"https:\/\/www.armalygal-camping.com\/fr\/#organization\"},\"potentialAction\":[{\"@type\":\"SearchAction\",\"target\":{\"@type\":\"EntryPoint\",\"urlTemplate\":\"https:\/\/www.armalygal-camping.com\/fr\/?s={search_term_string}\"},\"query-input\":{\"@type\":\"PropertyValueSpecification\",\"valueRequired\":true,\"valueName\":\"search_term_string\"}}],\"inLanguage\":\"fr-FR\"},{\"@type\":\"Organization\",\"@id\":\"https:\/\/www.armalygal-camping.com\/fr\/#organization\",\"name\":\"Armalygal Camping\",\"url\":\"https:\/\/www.armalygal-camping.com\/fr\/\",\"logo\":{\"@type\":\"ImageObject\",\"inLanguage\":\"fr-FR\",\"@id\":\"https:\/\/www.armalygal-camping.com\/fr\/#\/schema\/logo\/image\/\",\"url\":\"https:\/\/www.armalygal-camping.com\/wp-content\/uploads\/2021\/04\/logo.svg\",\"contentUrl\":\"https:\/\/www.armalygal-camping.com\/wp-content\/uploads\/2021\/04\/logo.svg\",\"width\":150,\"height\":150,\"caption\":\"Armalygal Camping\"},\"image\":{\"@id\":\"https:\/\/www.armalygal-camping.com\/fr\/#\/schema\/logo\/image\/\"}}]}<\/script>\n<!-- \/ Yoast SEO plugin. -->","yoast_head_json":{"title":"Bar Restaurant - Armalygal Camping","robots":{"index":"index","follow":"follow","max-snippet":"max-snippet:-1","max-image-preview":"max-image-preview:large","max-video-preview":"max-video-preview:-1"},"canonical":"https:\/\/www.armalygal-camping.com\/fr\/bar-restaurante-ospot\/","og_locale":"fr_FR","og_type":"article","og_title":"Bar Restaurant - Armalygal Camping","og_description":"[vc_row css_animation=\u00a0\u00bb\u00a0\u00bb row_type=\u00a0\u00bbrow\u00a0\u00bb use_row_as_full_screen_section=\u00a0\u00bbno\u00a0\u00bb type=\u00a0\u00bbfull_width\u00a0\u00bb angled_section=\u00a0\u00bbno\u00a0\u00bb text_align=\u00a0\u00bbleft\u00a0\u00bb background_image_as_pattern=\u00a0\u00bbwithout_pattern\u00a0\u00bb css=\u00a0\u00bb.vc_custom_1620902055711{background-color: #f3f3f3 !important;}\u00a0\u00bb z_index=\u00a0\u00bb\u00a0\u00bb][vc_column][vc_empty_space height=\u00a0\u00bb150px\u00a0\u00bb][\/vc_column][\/vc_row][vc_row css_animation=\u00a0\u00bb\u00a0\u00bb row_type=\u00a0\u00bbrow\u00a0\u00bb use_row_as_full_screen_section=\u00a0\u00bbno\u00a0\u00bb type=\u00a0\u00bbfull_width\u00a0\u00bb angled_section=\u00a0\u00bbno\u00a0\u00bb text_align=\u00a0\u00bbleft\u00a0\u00bb background_image_as_pattern=\u00a0\u00bbwithout_pattern\u00a0\u00bb css=\u00a0\u00bb.vc_custom_1620902069931{background-color: #f3f3f3 !important;}\u00a0\u00bb z_index=\u00a0\u00bb\u00a0\u00bb][vc_column][vc_row_inner row_type=\u00a0\u00bbrow\u00a0\u00bb type=\u00a0\u00bbgrid\u00a0\u00bb text_align=\u00a0\u00bbleft\u00a0\u00bb css_animation=\u00a0\u00bb\u00a0\u00bb][vc_column_inner el_class=\u00a0\u00bbcenter-mobile\u00a0\u00bb][vc_column_text] Installations [\/vc_column_text][vc_empty_space height=\u00a0\u00bb26px\u00a0\u00bb][vc_column_text css=\u00a0\u00bb\u00a0\u00bb el_class=\u00a0\u00bbtxt-justify\u00a0\u00bb]Nous sommes\u00a0ouverts\u00a0du 1 avril au 12 octobre 2026. Parce que nous sommes...","og_url":"https:\/\/www.armalygal-camping.com\/fr\/bar-restaurante-ospot\/","og_site_name":"Armalygal Camping","article_modified_time":"2026-05-12T09:05:56+00:00","twitter_card":"summary_large_image","twitter_misc":{"Dur\u00e9e de lecture estim\u00e9e":"1 minute"},"schema":{"@context":"https:\/\/schema.org","@graph":[{"@type":"WebPage","@id":"https:\/\/www.armalygal-camping.com\/fr\/bar-restaurante-ospot\/","url":"https:\/\/www.armalygal-camping.com\/fr\/bar-restaurante-ospot\/","name":"Bar Restaurant - Armalygal Camping","isPartOf":{"@id":"https:\/\/www.armalygal-camping.com\/fr\/#website"},"datePublished":"2021-05-10T14:10:42+00:00","dateModified":"2026-05-12T09:05:56+00:00","breadcrumb":{"@id":"https:\/\/www.armalygal-camping.com\/fr\/bar-restaurante-ospot\/#breadcrumb"},"inLanguage":"fr-FR","potentialAction":[{"@type":"ReadAction","target":["https:\/\/www.armalygal-camping.com\/fr\/bar-restaurante-ospot\/"]}]},{"@type":"BreadcrumbList","@id":"https:\/\/www.armalygal-camping.com\/fr\/bar-restaurante-ospot\/#breadcrumb","itemListElement":[{"@type":"ListItem","position":1,"name":"Portada","item":"https:\/\/www.armalygal-camping.com\/fr\/"},{"@type":"ListItem","position":2,"name":"Bar Restaurant"}]},{"@type":"WebSite","@id":"https:\/\/www.armalygal-camping.com\/fr\/#website","url":"https:\/\/www.armalygal-camping.com\/fr\/","name":"Armalygal Camping","description":"Camping Eco-Friendly en Murillo de G\u00e1llego","publisher":{"@id":"https:\/\/www.armalygal-camping.com\/fr\/#organization"},"potentialAction":[{"@type":"SearchAction","target":{"@type":"EntryPoint","urlTemplate":"https:\/\/www.armalygal-camping.com\/fr\/?s={search_term_string}"},"query-input":{"@type":"PropertyValueSpecification","valueRequired":true,"valueName":"search_term_string"}}],"inLanguage":"fr-FR"},{"@type":"Organization","@id":"https:\/\/www.armalygal-camping.com\/fr\/#organization","name":"Armalygal Camping","url":"https:\/\/www.armalygal-camping.com\/fr\/","logo":{"@type":"ImageObject","inLanguage":"fr-FR","@id":"https:\/\/www.armalygal-camping.com\/fr\/#\/schema\/logo\/image\/","url":"https:\/\/www.armalygal-camping.com\/wp-content\/uploads\/2021\/04\/logo.svg","contentUrl":"https:\/\/www.armalygal-camping.com\/wp-content\/uploads\/2021\/04\/logo.svg","width":150,"height":150,"caption":"Armalygal Camping"},"image":{"@id":"https:\/\/www.armalygal-camping.com\/fr\/#\/schema\/logo\/image\/"}}]}},"_links":{"self":[{"href":"https:\/\/www.armalygal-camping.com\/fr\/wp-json\/wp\/v2\/pages\/1334","targetHints":{"allow":["GET"]}}],"collection":[{"href":"https:\/\/www.armalygal-camping.com\/fr\/wp-json\/wp\/v2\/pages"}],"about":[{"href":"https:\/\/www.armalygal-camping.com\/fr\/wp-json\/wp\/v2\/types\/page"}],"author":[{"embeddable":true,"href":"https:\/\/www.armalygal-camping.com\/fr\/wp-json\/wp\/v2\/users\/1"}],"replies":[{"embeddable":true,"href":"https:\/\/www.armalygal-camping.com\/fr\/wp-json\/wp\/v2\/comments?post=1334"}],"version-history":[{"count":26,"href":"https:\/\/www.armalygal-camping.com\/fr\/wp-json\/wp\/v2\/pages\/1334\/revisions"}],"predecessor-version":[{"id":3867,"href":"https:\/\/www.armalygal-camping.com\/fr\/wp-json\/wp\/v2\/pages\/1334\/revisions\/3867"}],"wp:attachment":[{"href":"https:\/\/www.armalygal-camping.com\/fr\/wp-json\/wp\/v2\/media?parent=1334"}],"curies":[{"name":"wp","href":"https:\/\/api.w.org\/{rel}","templated":true}]}}