{"id":1511,"date":"2021-05-10T10:19:44","date_gmt":"2021-05-10T10:19:44","guid":{"rendered":"http:\/\/www.armalygal-camping.com\/alojamiento\/parcelas\/"},"modified":"2026-05-12T11:41:54","modified_gmt":"2026-05-12T09:41:54","slug":"parcelles","status":"publish","type":"page","link":"https:\/\/www.armalygal-camping.com\/fr\/camping-bungalows\/parcelles\/","title":{"rendered":"Emplacements"},"content":{"rendered":"<div class=\"wpb-content-wrapper\"><p>[vc_row css_animation=\u00a0\u00bb\u00a0\u00bb row_type=\u00a0\u00bbrow\u00a0\u00bb use_row_as_full_screen_section=\u00a0\u00bbno\u00a0\u00bb type=\u00a0\u00bbfull_width\u00a0\u00bb angled_section=\u00a0\u00bbno\u00a0\u00bb text_align=\u00a0\u00bbleft\u00a0\u00bb background_image_as_pattern=\u00a0\u00bbwithout_pattern\u00a0\u00bb el_class=\u00a0\u00bbtxt-justify\u00a0\u00bb z_index=\u00a0\u00bb\u00a0\u00bb][vc_column width=\u00a0\u00bb1\/4&Prime;][\/vc_column][vc_column width=\u00a0\u00bb1\/2&Prime;][vc_empty_space height=\u00a0\u00bb100px\u00a0\u00bb][vc_column_text css=\u00a0\u00bb.vc_custom_1711380941454{padding-right: 15px !important;padding-left: 15px !important;}\u00a0\u00bb]<\/p>\n<div><span lang=\"FR\">Retour \u00e0 l&rsquo;essence m\u00eame du camping, face aux Mallos de Riglos et au-dessus de la rivi\u00e8re Gallego, accessible \u00e0 pied depuis le Camping. <\/span><\/div>\n<p class=\"p1\">Armalygal d\u00e8s son ouverture en 1991 a conserv\u00e9 et respect\u00e9 les champs d&rsquo;oliviers centenaires, ressource alimentaire, en son temps, des villageois de Murillo de G\u00e1llego. Aujourd&rsquo;hui ces m\u00eames arbres nous prot\u00e9gent des ardeurs du soleil dans les zones de campements. Vous d\u00e9couvrirez aussi sur notre terrain des amandiers, des ch\u00eanes autochtones, des aromates propres \u00e0 notre r\u00e9gion et \u00e0 son climat m\u00e9dit\u00e9rann\u00e9en.<\/p>\n<div><span lang=\"FR\">Chanceux d&rsquo;\u00eatre situ\u00e9s dans un endroit privil\u00e9gi\u00e9 pour observer le d\u00f4me c\u00e9leste, nous avons cr\u00e9\u00e9 2 aires de camping diff\u00e9rentes \u00e0 l&rsquo;ombre des oliviers; pensez que l\u00b4olivier est un petit arbre et l&rsquo;ombre ne couvre pas la totalit\u00e9 de la parcelle.<\/span><\/div>\n<p>Nous privil\u00e9gions l&rsquo;espace et la nature. Dans toute l&rsquo;enceinte du camping vous trouverez des emplacements de 100 \u00e0 300 m2 entour\u00e9s d&rsquo;espaces nature laiss\u00e9s vierges o\u00f9 s&rsquo;expriment naturellement la faune et la flore de notre \u00e9cosyst\u00e8me.<\/p>\n<p>Nous traitons nos eaux us\u00e9es \u00e9cologiquement et de ce fait nous n\u00b4acceptons pas les vidanges des wc chimiques. Nous vous proposons d&rsquo;amener du papier hygi\u00e9nique avec vous car nous n&rsquo;en fournissons pas dans les sanitaires.<\/p>\n<p>Vos animaux de compagnie sont toujours les bienvenus sous votre garde constante et en laisse dans tout le camping.<\/p>\n<div><span lang=\"FR\">Uniquement pendant les mois de Juillet et Ao\u00fbt, nous vous recommandons de r\u00e9server.<\/span><\/div>\n<p>[\/vc_column_text][vc_empty_space height=\u00a0\u00bb50px\u00a0\u00bb][\/vc_column][vc_column width=\u00a0\u00bb1\/4&Prime;][\/vc_column][\/vc_row][vc_row css_animation=\u00a0\u00bb\u00a0\u00bb row_type=\u00a0\u00bbrow\u00a0\u00bb use_row_as_full_screen_section=\u00a0\u00bbno\u00a0\u00bb type=\u00a0\u00bbgrid\u00a0\u00bb angled_section=\u00a0\u00bbno\u00a0\u00bb text_align=\u00a0\u00bbleft\u00a0\u00bb background_image_as_pattern=\u00a0\u00bbwithout_pattern\u00a0\u00bb z_index=\u00a0\u00bb\u00a0\u00bb][vc_column][vc_separator type=\u00a0\u00bbnormal\u00a0\u00bb color=\u00a0\u00bb#f3f3f3&Prime; up=\u00a0\u00bb20&Prime; down=\u00a0\u00bb20&Prime;][vc_empty_space height=\u00a0\u00bb50px\u00a0\u00bb][vc_row_inner row_type=\u00a0\u00bbrow\u00a0\u00bb type=\u00a0\u00bbgrid\u00a0\u00bb text_align=\u00a0\u00bbleft\u00a0\u00bb css_animation=\u00a0\u00bb\u00a0\u00bb el_class=\u00a0\u00bbparcelas txt-justify center-mobile\u00a0\u00bb][vc_column_inner width=\u00a0\u00bb1\/2&Prime; css=\u00a0\u00bb.vc_custom_1620644452002{padding-right: 25px !important;padding-left: 25px !important;}\u00a0\u00bb][vc_single_image image=\u00a0\u00bb1678&Prime; img_size=\u00a0\u00bb250&#215;250&Prime; alignment=\u00a0\u00bbcenter\u00a0\u00bb style=\u00a0\u00bbvc_box_circle_2&Prime; onclick=\u00a0\u00bblink_image\u00a0\u00bb qode_css_animation=\u00a0\u00bb\u00a0\u00bb][vc_empty_space height=\u00a0\u00bb25px\u00a0\u00bb][vc_column_text css=\u00a0\u00bb\u00a0\u00bb]<\/p>\n<h3 style=\"text-align: center;\"><span style=\"color: #ffa800;\">Emplacement nature<\/span><\/h3>\n<p>[\/vc_column_text][vc_column_text]Pour ceux qui ont l&rsquo;\u00e2me de camper en pleine nature avec les meilleures vues sur les Mallos de Riglos sans \u00e9lectricit\u00e9 et \u00e9clair\u00e9s exclusivement par notre spectaculaire vo\u00fbte c\u00e9leste.<\/p>\n<p>R\u00e9veillez-vous juste au-dessus de la rivi\u00e8re avec une vue magique sur des \u00e9normes falaises rouges ayant comme petit surnom le grand canyon aragonais.<\/p>\n<p>Pour prot\u00e9ger la zone du ciel nous n&rsquo;admettons pas de v\u00e9hicules mesurant plus de 2,5 m\u00e8tres.[\/vc_column_text][vc_empty_space height=\u00a0\u00bb50px\u00a0\u00bb][\/vc_column_inner][vc_column_inner width=\u00a0\u00bb1\/2&Prime; css=\u00a0\u00bb.vc_custom_1620644488047{padding-right: 25px !important;padding-left: 25px !important;}\u00a0\u00bb][vc_single_image image=\u00a0\u00bb2053&Prime; img_size=\u00a0\u00bb250&#215;250&Prime; alignment=\u00a0\u00bbcenter\u00a0\u00bb style=\u00a0\u00bbvc_box_circle_2&Prime; onclick=\u00a0\u00bblink_image\u00a0\u00bb qode_css_animation=\u00a0\u00bb\u00a0\u00bb][vc_empty_space height=\u00a0\u00bb25px\u00a0\u00bb][vc_column_text css=\u00a0\u00bb\u00a0\u00bb]<\/p>\n<h3 style=\"text-align: center;\"><span style=\"color: #ffa800;\">Emplacement confort<\/span><\/h3>\n<p>[\/vc_column_text][vc_column_text]<\/p>\n<p class=\"p1\">Ces parcelles de 80 a plus de 100 m2 disposent d&rsquo;une borne \u00e9lectrique \u00e0 proximit\u00e9 en plus de l&rsquo;illumination r\u00e9partie dans cet espace. Ces parcelles sont situ\u00e9es plus proches des services du camping.<\/p>\n<p>[\/vc_column_text][vc_empty_space height=\u00a0\u00bb50px\u00a0\u00bb][\/vc_column_inner][\/vc_row_inner][vc_empty_space height=\u00a0\u00bb50px\u00a0\u00bb][\/vc_column][\/vc_row][vc_row css_animation=\u00a0\u00bb\u00a0\u00bb row_type=\u00a0\u00bbrow\u00a0\u00bb use_row_as_full_screen_section=\u00a0\u00bbno\u00a0\u00bb type=\u00a0\u00bbfull_width\u00a0\u00bb angled_section=\u00a0\u00bbno\u00a0\u00bb text_align=\u00a0\u00bbleft\u00a0\u00bb background_image_as_pattern=\u00a0\u00bbwithout_pattern\u00a0\u00bb css=\u00a0\u00bb.vc_custom_1620647758446{background-color: #f3f3f3 !important;}\u00a0\u00bb z_index=\u00a0\u00bb\u00a0\u00bb][vc_column][vc_empty_space height=\u00a0\u00bb100px\u00a0\u00bb][vc_row_inner row_type=\u00a0\u00bbrow\u00a0\u00bb type=\u00a0\u00bbgrid\u00a0\u00bb text_align=\u00a0\u00bbleft\u00a0\u00bb css_animation=\u00a0\u00bb\u00a0\u00bb][vc_column_inner][vc_gallery type=\u00a0\u00bbimage_grid\u00a0\u00bb images=\u00a0\u00bb1512,2837,2840,2831&Prime; img_size=\u00a0\u00bb350&#215;350&Prime; column_number=\u00a0\u00bb4&Prime; grayscale=\u00a0\u00bbno\u00a0\u00bb images_space=\u00a0\u00bbgallery_without_space\u00a0\u00bb][\/vc_column_inner][\/vc_row_inner][vc_empty_space height=\u00a0\u00bb100px\u00a0\u00bb][\/vc_column][\/vc_row][vc_row css_animation=\u00a0\u00bb\u00a0\u00bb row_type=\u00a0\u00bbrow\u00a0\u00bb use_row_as_full_screen_section=\u00a0\u00bbno\u00a0\u00bb type=\u00a0\u00bbgrid\u00a0\u00bb angled_section=\u00a0\u00bbno\u00a0\u00bb text_align=\u00a0\u00bbleft\u00a0\u00bb background_image_as_pattern=\u00a0\u00bbwithout_pattern\u00a0\u00bb z_index=\u00a0\u00bb\u00a0\u00bb][vc_column][vc_empty_space height=\u00a0\u00bb100px\u00a0\u00bb][vc_column_text]<\/p>\n<h2>Sanitaires<\/h2>\n<p>[\/vc_column_text][vc_empty_space height=\u00a0\u00bb20px\u00a0\u00bb][\/vc_column][\/vc_row][vc_row css_animation=\u00a0\u00bb\u00a0\u00bb row_type=\u00a0\u00bbrow\u00a0\u00bb use_row_as_full_screen_section=\u00a0\u00bbno\u00a0\u00bb type=\u00a0\u00bbgrid\u00a0\u00bb angled_section=\u00a0\u00bbno\u00a0\u00bb text_align=\u00a0\u00bbleft\u00a0\u00bb background_image_as_pattern=\u00a0\u00bbwithout_pattern\u00a0\u00bb z_index=\u00a0\u00bb\u00a0\u00bb][vc_column width=\u00a0\u00bb2\/3&Prime;][vc_column_text css=\u00a0\u00bb\u00a0\u00bb]Nous disposons de deux grands blocs sanitaires dont un avec acc\u00e8s \u00e0 un WC adapt\u00e9 aux personnes \u00e0 mobilit\u00e9 r\u00e9duite. Le papier toilette est fourni dans les sanitaires.<\/p>\n<p>Notre petit camping est situ\u00e9 au c\u0153ur d&rsquo;une nature pr\u00e9serv\u00e9e \u00e0 Murillo de G\u00e1llego baign\u00e9 par son climat m\u00e9diterran\u00e9en. Par respect pour cet environnement et sa beaut\u00e9 sauvage, nous avons minimiser depuis des ann\u00e9es notre impact en utilisant l&rsquo;\u00e9nergie solaire pour l&rsquo;eau chaude avec un soutien \u00e9nerg\u00e9tique d&rsquo;une chaudi\u00e8re \u00e0 granul\u00e9s de bois.<\/p>\n<p>Le camping ne dispose pas de toilettes chimiques : il n\u2019est donc pas possible d\u2019y vidanger des WC chimiques.<\/p>\n<p>Nous utilisons exclusivement des produits d&rsquo;entretien \u00e9cologiques.[\/vc_column_text][vc_row_inner row_type=\u00a0\u00bbrow\u00a0\u00bb type=\u00a0\u00bbfull_width\u00a0\u00bb text_align=\u00a0\u00bbleft\u00a0\u00bb css_animation=\u00a0\u00bb\u00a0\u00bb][vc_column_inner offset=\u00a0\u00bbvc_hidden-lg vc_hidden-md\u00a0\u00bb][vc_empty_space height=\u00a0\u00bb50px\u00a0\u00bb][\/vc_column_inner][\/vc_row_inner][\/vc_column][vc_column width=\u00a0\u00bb1\/3&Prime;][vc_single_image image=\u00a0\u00bb846&Prime; img_size=\u00a0\u00bbfull\u00a0\u00bb qode_css_animation=\u00a0\u00bb\u00a0\u00bb][\/vc_column][\/vc_row][vc_row css_animation=\u00a0\u00bb\u00a0\u00bb row_type=\u00a0\u00bbrow\u00a0\u00bb use_row_as_full_screen_section=\u00a0\u00bbno\u00a0\u00bb type=\u00a0\u00bbfull_width\u00a0\u00bb angled_section=\u00a0\u00bbno\u00a0\u00bb text_align=\u00a0\u00bbleft\u00a0\u00bb background_image_as_pattern=\u00a0\u00bbwithout_pattern\u00a0\u00bb][vc_column][vc_empty_space height=\u00a0\u00bb150px\u00a0\u00bb][\/vc_column][\/vc_row]<\/p>\n<\/div>","protected":false},"excerpt":{"rendered":"<p>[vc_row css_animation=\u00a0\u00bb\u00a0\u00bb row_type=\u00a0\u00bbrow\u00a0\u00bb use_row_as_full_screen_section=\u00a0\u00bbno\u00a0\u00bb type=\u00a0\u00bbfull_width\u00a0\u00bb angled_section=\u00a0\u00bbno\u00a0\u00bb text_align=\u00a0\u00bbleft\u00a0\u00bb background_image_as_pattern=\u00a0\u00bbwithout_pattern\u00a0\u00bb el_class=\u00a0\u00bbtxt-justify\u00a0\u00bb z_index=\u00a0\u00bb\u00a0\u00bb][vc_column width=\u00a0\u00bb1\/4&Prime;][\/vc_column][vc_column width=\u00a0\u00bb1\/2&Prime;][vc_empty_space height=\u00a0\u00bb100px\u00a0\u00bb][vc_column_text css=\u00a0\u00bb.vc_custom_1711380941454{padding-right: 15px !important;padding-left: 15px !important;}\u00a0\u00bb] Retour \u00e0 l&rsquo;essence m\u00eame du camping, face aux Mallos de Riglos et au-dessus de la rivi\u00e8re Gallego, accessible \u00e0 pied depuis le Camping. Armalygal d\u00e8s son ouverture&#8230;<\/p>\n","protected":false},"author":1,"featured_media":0,"parent":1367,"menu_order":0,"comment_status":"closed","ping_status":"closed","template":"full_width.php","meta":{"footnotes":""},"class_list":["post-1511","page","type-page","status-publish","hentry"],"yoast_head":"<!-- This site is optimized with the Yoast SEO plugin v25.1 - https:\/\/yoast.com\/wordpress\/plugins\/seo\/ -->\n<title>Emplacements - Armalygal Camping<\/title>\n<meta name=\"description\" content=\"Nos emplacements se trouvent au coeur d&#039;une nature prot\u00e9g\u00e9e avec des surprenantes vues aux Mallos de Riglos pr\u00e8s de la rivi\u00e8re Gallego\" \/>\n<meta name=\"robots\" content=\"index, follow, max-snippet:-1, max-image-preview:large, max-video-preview:-1\" \/>\n<link rel=\"canonical\" href=\"https:\/\/www.armalygal-camping.com\/fr\/camping-bungalows\/parcelles\/\" \/>\n<meta property=\"og:locale\" content=\"fr_FR\" \/>\n<meta property=\"og:type\" content=\"article\" \/>\n<meta property=\"og:title\" content=\"Emplacements - Armalygal Camping\" \/>\n<meta property=\"og:description\" content=\"Nos emplacements se trouvent au coeur d&#039;une nature prot\u00e9g\u00e9e avec des surprenantes vues aux Mallos de Riglos pr\u00e8s de la rivi\u00e8re Gallego\" \/>\n<meta property=\"og:url\" content=\"https:\/\/www.armalygal-camping.com\/fr\/camping-bungalows\/parcelles\/\" \/>\n<meta property=\"og:site_name\" content=\"Armalygal Camping\" \/>\n<meta property=\"article:modified_time\" content=\"2026-05-12T09:41:54+00:00\" \/>\n<meta name=\"twitter:card\" content=\"summary_large_image\" \/>\n<meta name=\"twitter:label1\" content=\"Dur\u00e9e de lecture estim\u00e9e\" \/>\n\t<meta name=\"twitter:data1\" content=\"4 minutes\" \/>\n<script type=\"application\/ld+json\" class=\"yoast-schema-graph\">{\"@context\":\"https:\/\/schema.org\",\"@graph\":[{\"@type\":\"WebPage\",\"@id\":\"https:\/\/www.armalygal-camping.com\/fr\/camping-bungalows\/parcelles\/\",\"url\":\"https:\/\/www.armalygal-camping.com\/fr\/camping-bungalows\/parcelles\/\",\"name\":\"Emplacements - Armalygal Camping\",\"isPartOf\":{\"@id\":\"https:\/\/www.armalygal-camping.com\/fr\/#website\"},\"datePublished\":\"2021-05-10T10:19:44+00:00\",\"dateModified\":\"2026-05-12T09:41:54+00:00\",\"description\":\"Nos emplacements se trouvent au coeur d'une nature prot\u00e9g\u00e9e avec des surprenantes vues aux Mallos de Riglos pr\u00e8s de la rivi\u00e8re Gallego\",\"breadcrumb\":{\"@id\":\"https:\/\/www.armalygal-camping.com\/fr\/camping-bungalows\/parcelles\/#breadcrumb\"},\"inLanguage\":\"fr-FR\",\"potentialAction\":[{\"@type\":\"ReadAction\",\"target\":[\"https:\/\/www.armalygal-camping.com\/fr\/camping-bungalows\/parcelles\/\"]}]},{\"@type\":\"BreadcrumbList\",\"@id\":\"https:\/\/www.armalygal-camping.com\/fr\/camping-bungalows\/parcelles\/#breadcrumb\",\"itemListElement\":[{\"@type\":\"ListItem\",\"position\":1,\"name\":\"Portada\",\"item\":\"https:\/\/www.armalygal-camping.com\/fr\/\"},{\"@type\":\"ListItem\",\"position\":2,\"name\":\"H\u00e9bergement\",\"item\":\"https:\/\/www.armalygal-camping.com\/fr\/camping-bungalows\/\"},{\"@type\":\"ListItem\",\"position\":3,\"name\":\"Emplacements\"}]},{\"@type\":\"WebSite\",\"@id\":\"https:\/\/www.armalygal-camping.com\/fr\/#website\",\"url\":\"https:\/\/www.armalygal-camping.com\/fr\/\",\"name\":\"Armalygal Camping\",\"description\":\"Camping Eco-Friendly en Murillo de G\u00e1llego\",\"publisher\":{\"@id\":\"https:\/\/www.armalygal-camping.com\/fr\/#organization\"},\"potentialAction\":[{\"@type\":\"SearchAction\",\"target\":{\"@type\":\"EntryPoint\",\"urlTemplate\":\"https:\/\/www.armalygal-camping.com\/fr\/?s={search_term_string}\"},\"query-input\":{\"@type\":\"PropertyValueSpecification\",\"valueRequired\":true,\"valueName\":\"search_term_string\"}}],\"inLanguage\":\"fr-FR\"},{\"@type\":\"Organization\",\"@id\":\"https:\/\/www.armalygal-camping.com\/fr\/#organization\",\"name\":\"Armalygal Camping\",\"url\":\"https:\/\/www.armalygal-camping.com\/fr\/\",\"logo\":{\"@type\":\"ImageObject\",\"inLanguage\":\"fr-FR\",\"@id\":\"https:\/\/www.armalygal-camping.com\/fr\/#\/schema\/logo\/image\/\",\"url\":\"https:\/\/www.armalygal-camping.com\/wp-content\/uploads\/2021\/04\/logo.svg\",\"contentUrl\":\"https:\/\/www.armalygal-camping.com\/wp-content\/uploads\/2021\/04\/logo.svg\",\"width\":150,\"height\":150,\"caption\":\"Armalygal Camping\"},\"image\":{\"@id\":\"https:\/\/www.armalygal-camping.com\/fr\/#\/schema\/logo\/image\/\"}}]}<\/script>\n<!-- \/ Yoast SEO plugin. -->","yoast_head_json":{"title":"Emplacements - Armalygal Camping","description":"Nos emplacements se trouvent au coeur d'une nature prot\u00e9g\u00e9e avec des surprenantes vues aux Mallos de Riglos pr\u00e8s de la rivi\u00e8re Gallego","robots":{"index":"index","follow":"follow","max-snippet":"max-snippet:-1","max-image-preview":"max-image-preview:large","max-video-preview":"max-video-preview:-1"},"canonical":"https:\/\/www.armalygal-camping.com\/fr\/camping-bungalows\/parcelles\/","og_locale":"fr_FR","og_type":"article","og_title":"Emplacements - Armalygal Camping","og_description":"Nos emplacements se trouvent au coeur d'une nature prot\u00e9g\u00e9e avec des surprenantes vues aux Mallos de Riglos pr\u00e8s de la rivi\u00e8re Gallego","og_url":"https:\/\/www.armalygal-camping.com\/fr\/camping-bungalows\/parcelles\/","og_site_name":"Armalygal Camping","article_modified_time":"2026-05-12T09:41:54+00:00","twitter_card":"summary_large_image","twitter_misc":{"Dur\u00e9e de lecture estim\u00e9e":"4 minutes"},"schema":{"@context":"https:\/\/schema.org","@graph":[{"@type":"WebPage","@id":"https:\/\/www.armalygal-camping.com\/fr\/camping-bungalows\/parcelles\/","url":"https:\/\/www.armalygal-camping.com\/fr\/camping-bungalows\/parcelles\/","name":"Emplacements - Armalygal Camping","isPartOf":{"@id":"https:\/\/www.armalygal-camping.com\/fr\/#website"},"datePublished":"2021-05-10T10:19:44+00:00","dateModified":"2026-05-12T09:41:54+00:00","description":"Nos emplacements se trouvent au coeur d'une nature prot\u00e9g\u00e9e avec des surprenantes vues aux Mallos de Riglos pr\u00e8s de la rivi\u00e8re Gallego","breadcrumb":{"@id":"https:\/\/www.armalygal-camping.com\/fr\/camping-bungalows\/parcelles\/#breadcrumb"},"inLanguage":"fr-FR","potentialAction":[{"@type":"ReadAction","target":["https:\/\/www.armalygal-camping.com\/fr\/camping-bungalows\/parcelles\/"]}]},{"@type":"BreadcrumbList","@id":"https:\/\/www.armalygal-camping.com\/fr\/camping-bungalows\/parcelles\/#breadcrumb","itemListElement":[{"@type":"ListItem","position":1,"name":"Portada","item":"https:\/\/www.armalygal-camping.com\/fr\/"},{"@type":"ListItem","position":2,"name":"H\u00e9bergement","item":"https:\/\/www.armalygal-camping.com\/fr\/camping-bungalows\/"},{"@type":"ListItem","position":3,"name":"Emplacements"}]},{"@type":"WebSite","@id":"https:\/\/www.armalygal-camping.com\/fr\/#website","url":"https:\/\/www.armalygal-camping.com\/fr\/","name":"Armalygal Camping","description":"Camping Eco-Friendly en Murillo de G\u00e1llego","publisher":{"@id":"https:\/\/www.armalygal-camping.com\/fr\/#organization"},"potentialAction":[{"@type":"SearchAction","target":{"@type":"EntryPoint","urlTemplate":"https:\/\/www.armalygal-camping.com\/fr\/?s={search_term_string}"},"query-input":{"@type":"PropertyValueSpecification","valueRequired":true,"valueName":"search_term_string"}}],"inLanguage":"fr-FR"},{"@type":"Organization","@id":"https:\/\/www.armalygal-camping.com\/fr\/#organization","name":"Armalygal Camping","url":"https:\/\/www.armalygal-camping.com\/fr\/","logo":{"@type":"ImageObject","inLanguage":"fr-FR","@id":"https:\/\/www.armalygal-camping.com\/fr\/#\/schema\/logo\/image\/","url":"https:\/\/www.armalygal-camping.com\/wp-content\/uploads\/2021\/04\/logo.svg","contentUrl":"https:\/\/www.armalygal-camping.com\/wp-content\/uploads\/2021\/04\/logo.svg","width":150,"height":150,"caption":"Armalygal Camping"},"image":{"@id":"https:\/\/www.armalygal-camping.com\/fr\/#\/schema\/logo\/image\/"}}]}},"_links":{"self":[{"href":"https:\/\/www.armalygal-camping.com\/fr\/wp-json\/wp\/v2\/pages\/1511","targetHints":{"allow":["GET"]}}],"collection":[{"href":"https:\/\/www.armalygal-camping.com\/fr\/wp-json\/wp\/v2\/pages"}],"about":[{"href":"https:\/\/www.armalygal-camping.com\/fr\/wp-json\/wp\/v2\/types\/page"}],"author":[{"embeddable":true,"href":"https:\/\/www.armalygal-camping.com\/fr\/wp-json\/wp\/v2\/users\/1"}],"replies":[{"embeddable":true,"href":"https:\/\/www.armalygal-camping.com\/fr\/wp-json\/wp\/v2\/comments?post=1511"}],"version-history":[{"count":20,"href":"https:\/\/www.armalygal-camping.com\/fr\/wp-json\/wp\/v2\/pages\/1511\/revisions"}],"predecessor-version":[{"id":3894,"href":"https:\/\/www.armalygal-camping.com\/fr\/wp-json\/wp\/v2\/pages\/1511\/revisions\/3894"}],"up":[{"embeddable":true,"href":"https:\/\/www.armalygal-camping.com\/fr\/wp-json\/wp\/v2\/pages\/1367"}],"wp:attachment":[{"href":"https:\/\/www.armalygal-camping.com\/fr\/wp-json\/wp\/v2\/media?parent=1511"}],"curies":[{"name":"wp","href":"https:\/\/api.w.org\/{rel}","templated":true}]}}