{"id":1533,"date":"2021-05-10T13:58:46","date_gmt":"2021-05-10T13:58:46","guid":{"rendered":"http:\/\/www.armalygal-camping.com\/alojamiento\/recepcion\/"},"modified":"2026-05-12T12:24:11","modified_gmt":"2026-05-12T10:24:11","slug":"recepcion","status":"publish","type":"page","link":"https:\/\/www.armalygal-camping.com\/fr\/camping-bungalows\/recepcion\/","title":{"rendered":"Reception"},"content":{"rendered":"<div class=\"wpb-content-wrapper\"><p>[vc_row css_animation=\u00a0\u00bb\u00a0\u00bb row_type=\u00a0\u00bbrow\u00a0\u00bb use_row_as_full_screen_section=\u00a0\u00bbno\u00a0\u00bb type=\u00a0\u00bbfull_width\u00a0\u00bb angled_section=\u00a0\u00bbno\u00a0\u00bb text_align=\u00a0\u00bbleft\u00a0\u00bb background_image_as_pattern=\u00a0\u00bbwithout_pattern\u00a0\u00bb][vc_column][vc_empty_space height=\u00a0\u00bb150px\u00a0\u00bb][\/vc_column][\/vc_row][vc_row css_animation=\u00a0\u00bb\u00a0\u00bb row_type=\u00a0\u00bbrow\u00a0\u00bb use_row_as_full_screen_section=\u00a0\u00bbno\u00a0\u00bb type=\u00a0\u00bbgrid\u00a0\u00bb angled_section=\u00a0\u00bbno\u00a0\u00bb text_align=\u00a0\u00bbleft\u00a0\u00bb background_image_as_pattern=\u00a0\u00bbwithout_pattern\u00a0\u00bb z_index=\u00a0\u00bb\u00a0\u00bb][vc_column width=\u00a0\u00bb1\/2&Prime;][vc_single_image image=\u00a0\u00bb2053&Prime; img_size=\u00a0\u00bbfull\u00a0\u00bb qode_css_animation=\u00a0\u00bb\u00a0\u00bb][vc_row_inner row_type=\u00a0\u00bbrow\u00a0\u00bb type=\u00a0\u00bbfull_width\u00a0\u00bb text_align=\u00a0\u00bbleft\u00a0\u00bb css_animation=\u00a0\u00bb\u00a0\u00bb][vc_column_inner offset=\u00a0\u00bbvc_hidden-lg vc_hidden-md\u00a0\u00bb][vc_empty_space height=\u00a0\u00bb50px\u00a0\u00bb][\/vc_column_inner][\/vc_row_inner][\/vc_column][vc_column width=\u00a0\u00bb1\/2&Prime;][vc_column_text]<\/p>\n<h2 class=\"p1\">Vous venez d&rsquo;arriver?<\/h2>\n<p>[\/vc_column_text][vc_column_text css=\u00a0\u00bb\u00a0\u00bb]Venez d&rsquo;abord nous rencontrer \u00e0 l&rsquo;accueil afin de vous inscrire, recevoir toutes les informations et ainsi pouvoir vous installer. Chaque membre de l&rsquo;\u00e9quipe d&rsquo;Armalygal conna\u00eet la r\u00e9gion comme sa poche et se tient \u00e0 votre disposition pour partager sa passion de ce lieu o\u00f9 nous vivons afin que vous puissiez profiter pleinement de votre s\u00e9jour en fonction de vos go\u00fbts et centres d&rsquo;int\u00e9r\u00eats.<\/p>\n<p>Vous trouverez, pendant les horaires d&rsquo;ouverture de la r\u00e9ception, un frigidaire laiss\u00e9 \u00e0 votre disposition et \u00e0 partager avec tous les campeurs ainsi qu&rsquo;un cong\u00e9lateur exclusivement pour vos packs de glace. Le frigidaire n&rsquo;est pr\u00e9vu que pour les aliments et les boissons sensibles \u00e0 la chaleur.<\/p>\n<p>Nous rechargeons gratuitement vos t\u00e9l\u00e9phones ou petits appareils \u00e9lectriques en r\u00e9ception pendant l&rsquo;horaire d&rsquo;ouverture:<\/p>\n<p>Horaires d\u2019ouverture : Lundi \u00e0 jeudi et dimanche : 9h00 \u2013 13h00 \/ 15h30 \u2013 19h00 ; Vendredi et samedi : 9h00 \u2013 21h00. <span data-teams=\"true\">En p\u00e9riode estivale, la r\u00e9ception est ouverte tous les jours de 9h00 \u00e0 21h00.<\/span>[\/vc_column_text][\/vc_column][\/vc_row][vc_row css_animation=\u00a0\u00bb\u00a0\u00bb row_type=\u00a0\u00bbrow\u00a0\u00bb use_row_as_full_screen_section=\u00a0\u00bbno\u00a0\u00bb type=\u00a0\u00bbfull_width\u00a0\u00bb angled_section=\u00a0\u00bbno\u00a0\u00bb text_align=\u00a0\u00bbleft\u00a0\u00bb background_image_as_pattern=\u00a0\u00bbwithout_pattern\u00a0\u00bb][vc_column][vc_empty_space height=\u00a0\u00bb100px\u00a0\u00bb][\/vc_column][\/vc_row][vc_row css_animation=\u00a0\u00bb\u00a0\u00bb row_type=\u00a0\u00bbrow\u00a0\u00bb use_row_as_full_screen_section=\u00a0\u00bbno\u00a0\u00bb type=\u00a0\u00bbfull_width\u00a0\u00bb angled_section=\u00a0\u00bbno\u00a0\u00bb text_align=\u00a0\u00bbcenter\u00a0\u00bb background_image_as_pattern=\u00a0\u00bbwithout_pattern\u00a0\u00bb css=\u00a0\u00bb.vc_custom_1622816959764{background-color: #f6f6f6 !important;}\u00a0\u00bb z_index=\u00a0\u00bb\u00a0\u00bb][vc_column][vc_single_image image=\u00a0\u00bb1110&Prime; img_size=\u00a0\u00bbfull\u00a0\u00bb alignment=\u00a0\u00bbcenter\u00a0\u00bb onclick=\u00a0\u00bbimg_link_large\u00a0\u00bb img_link_target=\u00a0\u00bb_blank\u00a0\u00bb qode_css_animation=\u00a0\u00bb\u00a0\u00bb][\/vc_column][\/vc_row]<\/p>\n<\/div>","protected":false},"excerpt":{"rendered":"<p>[vc_row css_animation=\u00a0\u00bb\u00a0\u00bb row_type=\u00a0\u00bbrow\u00a0\u00bb use_row_as_full_screen_section=\u00a0\u00bbno\u00a0\u00bb type=\u00a0\u00bbfull_width\u00a0\u00bb angled_section=\u00a0\u00bbno\u00a0\u00bb text_align=\u00a0\u00bbleft\u00a0\u00bb background_image_as_pattern=\u00a0\u00bbwithout_pattern\u00a0\u00bb][vc_column][vc_empty_space height=\u00a0\u00bb150px\u00a0\u00bb][\/vc_column][\/vc_row][vc_row css_animation=\u00a0\u00bb\u00a0\u00bb row_type=\u00a0\u00bbrow\u00a0\u00bb use_row_as_full_screen_section=\u00a0\u00bbno\u00a0\u00bb type=\u00a0\u00bbgrid\u00a0\u00bb angled_section=\u00a0\u00bbno\u00a0\u00bb text_align=\u00a0\u00bbleft\u00a0\u00bb background_image_as_pattern=\u00a0\u00bbwithout_pattern\u00a0\u00bb z_index=\u00a0\u00bb\u00a0\u00bb][vc_column width=\u00a0\u00bb1\/2&Prime;][vc_single_image image=\u00a0\u00bb2053&Prime; img_size=\u00a0\u00bbfull\u00a0\u00bb qode_css_animation=\u00a0\u00bb\u00a0\u00bb][vc_row_inner row_type=\u00a0\u00bbrow\u00a0\u00bb type=\u00a0\u00bbfull_width\u00a0\u00bb text_align=\u00a0\u00bbleft\u00a0\u00bb css_animation=\u00a0\u00bb\u00a0\u00bb][vc_column_inner offset=\u00a0\u00bbvc_hidden-lg vc_hidden-md\u00a0\u00bb][vc_empty_space height=\u00a0\u00bb50px\u00a0\u00bb][\/vc_column_inner][\/vc_row_inner][\/vc_column][vc_column width=\u00a0\u00bb1\/2&Prime;][vc_column_text] Vous venez d&rsquo;arriver? [\/vc_column_text][vc_column_text css=\u00a0\u00bb\u00a0\u00bb]Venez d&rsquo;abord nous rencontrer \u00e0 l&rsquo;accueil afin de vous inscrire, recevoir toutes&#8230;<\/p>\n","protected":false},"author":1,"featured_media":0,"parent":1367,"menu_order":0,"comment_status":"closed","ping_status":"closed","template":"full_width.php","meta":{"footnotes":""},"class_list":["post-1533","page","type-page","status-publish","hentry"],"yoast_head":"<!-- This site is optimized with the Yoast SEO plugin v25.1 - https:\/\/yoast.com\/wordpress\/plugins\/seo\/ -->\n<title>Reception - Armalygal Camping<\/title>\n<meta name=\"robots\" content=\"index, follow, max-snippet:-1, max-image-preview:large, max-video-preview:-1\" \/>\n<link rel=\"canonical\" href=\"https:\/\/www.armalygal-camping.com\/fr\/camping-bungalows\/recepcion\/\" \/>\n<meta property=\"og:locale\" content=\"fr_FR\" \/>\n<meta property=\"og:type\" content=\"article\" \/>\n<meta property=\"og:title\" content=\"Reception - Armalygal Camping\" \/>\n<meta property=\"og:description\" content=\"[vc_row css_animation=\u00a0\u00bb\u00a0\u00bb row_type=\u00a0\u00bbrow\u00a0\u00bb use_row_as_full_screen_section=\u00a0\u00bbno\u00a0\u00bb type=\u00a0\u00bbfull_width\u00a0\u00bb angled_section=\u00a0\u00bbno\u00a0\u00bb text_align=\u00a0\u00bbleft\u00a0\u00bb background_image_as_pattern=\u00a0\u00bbwithout_pattern\u00a0\u00bb][vc_column][vc_empty_space height=\u00a0\u00bb150px\u00a0\u00bb][\/vc_column][\/vc_row][vc_row css_animation=\u00a0\u00bb\u00a0\u00bb row_type=\u00a0\u00bbrow\u00a0\u00bb use_row_as_full_screen_section=\u00a0\u00bbno\u00a0\u00bb type=\u00a0\u00bbgrid\u00a0\u00bb angled_section=\u00a0\u00bbno\u00a0\u00bb text_align=\u00a0\u00bbleft\u00a0\u00bb background_image_as_pattern=\u00a0\u00bbwithout_pattern\u00a0\u00bb z_index=\u00a0\u00bb\u00a0\u00bb][vc_column width=\u00a0\u00bb1\/2&Prime;][vc_single_image image=\u00a0\u00bb2053&Prime; img_size=\u00a0\u00bbfull\u00a0\u00bb qode_css_animation=\u00a0\u00bb\u00a0\u00bb][vc_row_inner row_type=\u00a0\u00bbrow\u00a0\u00bb type=\u00a0\u00bbfull_width\u00a0\u00bb text_align=\u00a0\u00bbleft\u00a0\u00bb css_animation=\u00a0\u00bb\u00a0\u00bb][vc_column_inner offset=\u00a0\u00bbvc_hidden-lg vc_hidden-md\u00a0\u00bb][vc_empty_space height=\u00a0\u00bb50px\u00a0\u00bb][\/vc_column_inner][\/vc_row_inner][\/vc_column][vc_column width=\u00a0\u00bb1\/2&Prime;][vc_column_text] Vous venez d&rsquo;arriver? [\/vc_column_text][vc_column_text css=\u00a0\u00bb\u00a0\u00bb]Venez d&rsquo;abord nous rencontrer \u00e0 l&rsquo;accueil afin de vous inscrire, recevoir toutes...\" \/>\n<meta property=\"og:url\" content=\"https:\/\/www.armalygal-camping.com\/fr\/camping-bungalows\/recepcion\/\" \/>\n<meta property=\"og:site_name\" content=\"Armalygal Camping\" \/>\n<meta property=\"article:modified_time\" content=\"2026-05-12T10:24:11+00:00\" \/>\n<meta name=\"twitter:card\" content=\"summary_large_image\" \/>\n<meta name=\"twitter:label1\" content=\"Dur\u00e9e de lecture estim\u00e9e\" \/>\n\t<meta name=\"twitter:data1\" content=\"2 minutes\" \/>\n<script type=\"application\/ld+json\" class=\"yoast-schema-graph\">{\"@context\":\"https:\/\/schema.org\",\"@graph\":[{\"@type\":\"WebPage\",\"@id\":\"https:\/\/www.armalygal-camping.com\/fr\/camping-bungalows\/recepcion\/\",\"url\":\"https:\/\/www.armalygal-camping.com\/fr\/camping-bungalows\/recepcion\/\",\"name\":\"Reception - Armalygal Camping\",\"isPartOf\":{\"@id\":\"https:\/\/www.armalygal-camping.com\/fr\/#website\"},\"datePublished\":\"2021-05-10T13:58:46+00:00\",\"dateModified\":\"2026-05-12T10:24:11+00:00\",\"breadcrumb\":{\"@id\":\"https:\/\/www.armalygal-camping.com\/fr\/camping-bungalows\/recepcion\/#breadcrumb\"},\"inLanguage\":\"fr-FR\",\"potentialAction\":[{\"@type\":\"ReadAction\",\"target\":[\"https:\/\/www.armalygal-camping.com\/fr\/camping-bungalows\/recepcion\/\"]}]},{\"@type\":\"BreadcrumbList\",\"@id\":\"https:\/\/www.armalygal-camping.com\/fr\/camping-bungalows\/recepcion\/#breadcrumb\",\"itemListElement\":[{\"@type\":\"ListItem\",\"position\":1,\"name\":\"Portada\",\"item\":\"https:\/\/www.armalygal-camping.com\/fr\/\"},{\"@type\":\"ListItem\",\"position\":2,\"name\":\"H\u00e9bergement\",\"item\":\"https:\/\/www.armalygal-camping.com\/fr\/camping-bungalows\/\"},{\"@type\":\"ListItem\",\"position\":3,\"name\":\"Reception\"}]},{\"@type\":\"WebSite\",\"@id\":\"https:\/\/www.armalygal-camping.com\/fr\/#website\",\"url\":\"https:\/\/www.armalygal-camping.com\/fr\/\",\"name\":\"Armalygal Camping\",\"description\":\"Camping Eco-Friendly en Murillo de G\u00e1llego\",\"publisher\":{\"@id\":\"https:\/\/www.armalygal-camping.com\/fr\/#organization\"},\"potentialAction\":[{\"@type\":\"SearchAction\",\"target\":{\"@type\":\"EntryPoint\",\"urlTemplate\":\"https:\/\/www.armalygal-camping.com\/fr\/?s={search_term_string}\"},\"query-input\":{\"@type\":\"PropertyValueSpecification\",\"valueRequired\":true,\"valueName\":\"search_term_string\"}}],\"inLanguage\":\"fr-FR\"},{\"@type\":\"Organization\",\"@id\":\"https:\/\/www.armalygal-camping.com\/fr\/#organization\",\"name\":\"Armalygal Camping\",\"url\":\"https:\/\/www.armalygal-camping.com\/fr\/\",\"logo\":{\"@type\":\"ImageObject\",\"inLanguage\":\"fr-FR\",\"@id\":\"https:\/\/www.armalygal-camping.com\/fr\/#\/schema\/logo\/image\/\",\"url\":\"https:\/\/www.armalygal-camping.com\/wp-content\/uploads\/2021\/04\/logo.svg\",\"contentUrl\":\"https:\/\/www.armalygal-camping.com\/wp-content\/uploads\/2021\/04\/logo.svg\",\"width\":150,\"height\":150,\"caption\":\"Armalygal Camping\"},\"image\":{\"@id\":\"https:\/\/www.armalygal-camping.com\/fr\/#\/schema\/logo\/image\/\"}}]}<\/script>\n<!-- \/ Yoast SEO plugin. -->","yoast_head_json":{"title":"Reception - Armalygal Camping","robots":{"index":"index","follow":"follow","max-snippet":"max-snippet:-1","max-image-preview":"max-image-preview:large","max-video-preview":"max-video-preview:-1"},"canonical":"https:\/\/www.armalygal-camping.com\/fr\/camping-bungalows\/recepcion\/","og_locale":"fr_FR","og_type":"article","og_title":"Reception - Armalygal Camping","og_description":"[vc_row css_animation=\u00a0\u00bb\u00a0\u00bb row_type=\u00a0\u00bbrow\u00a0\u00bb use_row_as_full_screen_section=\u00a0\u00bbno\u00a0\u00bb type=\u00a0\u00bbfull_width\u00a0\u00bb angled_section=\u00a0\u00bbno\u00a0\u00bb text_align=\u00a0\u00bbleft\u00a0\u00bb background_image_as_pattern=\u00a0\u00bbwithout_pattern\u00a0\u00bb][vc_column][vc_empty_space height=\u00a0\u00bb150px\u00a0\u00bb][\/vc_column][\/vc_row][vc_row css_animation=\u00a0\u00bb\u00a0\u00bb row_type=\u00a0\u00bbrow\u00a0\u00bb use_row_as_full_screen_section=\u00a0\u00bbno\u00a0\u00bb type=\u00a0\u00bbgrid\u00a0\u00bb angled_section=\u00a0\u00bbno\u00a0\u00bb text_align=\u00a0\u00bbleft\u00a0\u00bb background_image_as_pattern=\u00a0\u00bbwithout_pattern\u00a0\u00bb z_index=\u00a0\u00bb\u00a0\u00bb][vc_column width=\u00a0\u00bb1\/2&Prime;][vc_single_image image=\u00a0\u00bb2053&Prime; img_size=\u00a0\u00bbfull\u00a0\u00bb qode_css_animation=\u00a0\u00bb\u00a0\u00bb][vc_row_inner row_type=\u00a0\u00bbrow\u00a0\u00bb type=\u00a0\u00bbfull_width\u00a0\u00bb text_align=\u00a0\u00bbleft\u00a0\u00bb css_animation=\u00a0\u00bb\u00a0\u00bb][vc_column_inner offset=\u00a0\u00bbvc_hidden-lg vc_hidden-md\u00a0\u00bb][vc_empty_space height=\u00a0\u00bb50px\u00a0\u00bb][\/vc_column_inner][\/vc_row_inner][\/vc_column][vc_column width=\u00a0\u00bb1\/2&Prime;][vc_column_text] Vous venez d&rsquo;arriver? [\/vc_column_text][vc_column_text css=\u00a0\u00bb\u00a0\u00bb]Venez d&rsquo;abord nous rencontrer \u00e0 l&rsquo;accueil afin de vous inscrire, recevoir toutes...","og_url":"https:\/\/www.armalygal-camping.com\/fr\/camping-bungalows\/recepcion\/","og_site_name":"Armalygal Camping","article_modified_time":"2026-05-12T10:24:11+00:00","twitter_card":"summary_large_image","twitter_misc":{"Dur\u00e9e de lecture estim\u00e9e":"2 minutes"},"schema":{"@context":"https:\/\/schema.org","@graph":[{"@type":"WebPage","@id":"https:\/\/www.armalygal-camping.com\/fr\/camping-bungalows\/recepcion\/","url":"https:\/\/www.armalygal-camping.com\/fr\/camping-bungalows\/recepcion\/","name":"Reception - Armalygal Camping","isPartOf":{"@id":"https:\/\/www.armalygal-camping.com\/fr\/#website"},"datePublished":"2021-05-10T13:58:46+00:00","dateModified":"2026-05-12T10:24:11+00:00","breadcrumb":{"@id":"https:\/\/www.armalygal-camping.com\/fr\/camping-bungalows\/recepcion\/#breadcrumb"},"inLanguage":"fr-FR","potentialAction":[{"@type":"ReadAction","target":["https:\/\/www.armalygal-camping.com\/fr\/camping-bungalows\/recepcion\/"]}]},{"@type":"BreadcrumbList","@id":"https:\/\/www.armalygal-camping.com\/fr\/camping-bungalows\/recepcion\/#breadcrumb","itemListElement":[{"@type":"ListItem","position":1,"name":"Portada","item":"https:\/\/www.armalygal-camping.com\/fr\/"},{"@type":"ListItem","position":2,"name":"H\u00e9bergement","item":"https:\/\/www.armalygal-camping.com\/fr\/camping-bungalows\/"},{"@type":"ListItem","position":3,"name":"Reception"}]},{"@type":"WebSite","@id":"https:\/\/www.armalygal-camping.com\/fr\/#website","url":"https:\/\/www.armalygal-camping.com\/fr\/","name":"Armalygal Camping","description":"Camping Eco-Friendly en Murillo de G\u00e1llego","publisher":{"@id":"https:\/\/www.armalygal-camping.com\/fr\/#organization"},"potentialAction":[{"@type":"SearchAction","target":{"@type":"EntryPoint","urlTemplate":"https:\/\/www.armalygal-camping.com\/fr\/?s={search_term_string}"},"query-input":{"@type":"PropertyValueSpecification","valueRequired":true,"valueName":"search_term_string"}}],"inLanguage":"fr-FR"},{"@type":"Organization","@id":"https:\/\/www.armalygal-camping.com\/fr\/#organization","name":"Armalygal Camping","url":"https:\/\/www.armalygal-camping.com\/fr\/","logo":{"@type":"ImageObject","inLanguage":"fr-FR","@id":"https:\/\/www.armalygal-camping.com\/fr\/#\/schema\/logo\/image\/","url":"https:\/\/www.armalygal-camping.com\/wp-content\/uploads\/2021\/04\/logo.svg","contentUrl":"https:\/\/www.armalygal-camping.com\/wp-content\/uploads\/2021\/04\/logo.svg","width":150,"height":150,"caption":"Armalygal Camping"},"image":{"@id":"https:\/\/www.armalygal-camping.com\/fr\/#\/schema\/logo\/image\/"}}]}},"_links":{"self":[{"href":"https:\/\/www.armalygal-camping.com\/fr\/wp-json\/wp\/v2\/pages\/1533","targetHints":{"allow":["GET"]}}],"collection":[{"href":"https:\/\/www.armalygal-camping.com\/fr\/wp-json\/wp\/v2\/pages"}],"about":[{"href":"https:\/\/www.armalygal-camping.com\/fr\/wp-json\/wp\/v2\/types\/page"}],"author":[{"embeddable":true,"href":"https:\/\/www.armalygal-camping.com\/fr\/wp-json\/wp\/v2\/users\/1"}],"replies":[{"embeddable":true,"href":"https:\/\/www.armalygal-camping.com\/fr\/wp-json\/wp\/v2\/comments?post=1533"}],"version-history":[{"count":13,"href":"https:\/\/www.armalygal-camping.com\/fr\/wp-json\/wp\/v2\/pages\/1533\/revisions"}],"predecessor-version":[{"id":3919,"href":"https:\/\/www.armalygal-camping.com\/fr\/wp-json\/wp\/v2\/pages\/1533\/revisions\/3919"}],"up":[{"embeddable":true,"href":"https:\/\/www.armalygal-camping.com\/fr\/wp-json\/wp\/v2\/pages\/1367"}],"wp:attachment":[{"href":"https:\/\/www.armalygal-camping.com\/fr\/wp-json\/wp\/v2\/media?parent=1533"}],"curies":[{"name":"wp","href":"https:\/\/api.w.org\/{rel}","templated":true}]}}