{"id":1835,"date":"2021-05-05T09:29:48","date_gmt":"2021-05-05T09:29:48","guid":{"rendered":"http:\/\/www.armalygal-camping.com\/aviso-legal\/"},"modified":"2026-05-06T13:18:10","modified_gmt":"2026-05-06T11:18:10","slug":"aviso-legal","status":"publish","type":"page","link":"https:\/\/www.armalygal-camping.com\/fr\/aviso-legal\/","title":{"rendered":"Aviso Legal"},"content":{"rendered":"<div class=\"wpb-content-wrapper\"><p>[vc_row css_animation=\u00a0\u00bb\u00a0\u00bb row_type=\u00a0\u00bbrow\u00a0\u00bb use_row_as_full_screen_section=\u00a0\u00bbno\u00a0\u00bb type=\u00a0\u00bbfull_width\u00a0\u00bb angled_section=\u00a0\u00bbno\u00a0\u00bb text_align=\u00a0\u00bbleft\u00a0\u00bb background_image_as_pattern=\u00a0\u00bbwithout_pattern\u00a0\u00bb el_class=\u00a0\u00bbtxt-legal\u00a0\u00bb z_index=\u00a0\u00bb\u00a0\u00bb][vc_column][vc_column_text css=\u00a0\u00bb\u00a0\u00bb]<\/p>\n<header>\n<h3 class=\"font_8\"><span class=\"color_20\">Aviso legal<\/span><\/h3>\n<p class=\"font_8\">El presente aviso legal (en adelante, el \u00ab\u00a0Aviso Legal\u00a0\u00bb) regula el uso del servicio del portal de Internet \u00a0(en adelante, el \u00ab\u00a0Web\u00a0\u00bb) de <span data-olk-copy-source=\"MessageBody\">Huttopia Armalyga<\/span>\u00a0con domicilio social en CARRETERA A132 KM 38, MURILLO DE G\u00c1LLEGO, 22808, <span data-olk-copy-source=\"MessageBody\">Zaragoza\u00a0<\/span>con CIF <span data-olk-copy-source=\"MessageBody\">B26918235<\/span>.<\/p>\n<h3 class=\"font_8\"><span class=\"color_20\">Legislaci\u00f3n<\/span><\/h3>\n<p class=\"font_8\">Con car\u00e1cter general las relaciones entre <span data-olk-copy-source=\"MessageBody\">Huttopia Armalygal,<\/span>\u00a0con los Usuarios de sus servicios telem\u00e1ticos, presentes en la web, se encuentran sometidas a la legislaci\u00f3n y jurisdicci\u00f3n espa\u00f1olas.<\/p>\n<p class=\"font_8\">Las partes renuncian expresamente al fuero que les pudiera corresponder y someten expresamente a los Juzgados y Tribunales de MURILLO DE G\u00c1LLEGO para resolver cualquier controversia que pueda surgir en la interpretaci\u00f3n o ejecuci\u00f3n de las presentes condiciones contractuales.<\/p>\n<h3 class=\"font_8\">Contenido y uso<\/h3>\n<p class=\"font_8\">El Usuario queda informado, y acepta, que el acceso a la presente web no supone, en modo alguno, el inicio de una relaci\u00f3n comercial con <span data-olk-copy-source=\"MessageBody\">Huttopia Armalygal.<\/span><\/p>\n<p class=\"font_8\">El titular del web no se identifica con las opiniones vertidas en el mismo por sus colaboradores. La Empresa se reserva el derecho de efectuar sin previo aviso las modificaciones que considere oportunas en su Web, pudiendo cambiar, suprimir o a\u00f1adir tanto los contenidos y servicios que se presten a trav\u00e9s de la misma como la forma en la que \u00e9stos aparezcan presentados o localizados en sus servidores.<\/p>\n<h3 class=\"font_8\">Propiedad intelectual e industrial<\/h3>\n<p class=\"font_8\">Los derechos de propiedad intelectual del contenido de las p\u00e1ginas web, su dise\u00f1o gr\u00e1fico y c\u00f3digos son titularidad de <span data-olk-copy-source=\"MessageBody\">Huttopia Armalygal<\/span> y, por tanto, queda prohibida su reproducci\u00f3n, distribuci\u00f3n, comunicaci\u00f3n p\u00fablica, transformaci\u00f3n o cualquier otra actividad que se pueda realizar con los contenidos de sus p\u00e1ginas web ni aun citando las fuentes, salvo consentimiento por escrito de <span data-olk-copy-source=\"MessageBody\">Huttopia Armalygal<\/span> Todos los nombres comerciales, marcas o signos distintos de cualquier clase contenidos en las p\u00e1ginas web de la Empresa son propiedad de sus due\u00f1os y est\u00e1n protegidos por ley.<\/p>\n<h3 class=\"font_8\">Enlaces (Links)<\/h3>\n<p class=\"font_8\">La presencia de enlaces (links) en las p\u00e1ginas web de <span data-olk-copy-source=\"MessageBody\">Huttopia Armalygal<\/span>\u00a0tiene finalidad meramente informativa y en ning\u00fan caso supone sugerencia, invitaci\u00f3n o recomendaci\u00f3n sobre los mismos.<\/p>\n<h3 class=\"font_8\">Confidencialidad y Protecci\u00f3n de Datos<\/h3>\n<p class=\"font_8\">A efecto de lo previsto en RGPD de 27 de abril de 2016, <span data-olk-copy-source=\"MessageBody\">Huttopia Armalygal<\/span> informa al Usuario de la existencia de un tratamiento automatizado de datos de car\u00e1cter personal creado por y para <span data-olk-copy-source=\"MessageBody\">Huttopia Armalygal <\/span>y bajo su responsabilidad, con la finalidad de realizar el mantenimiento y gesti\u00f3n de la relaci\u00f3n con el Usuario, as\u00ed como las labores de informaci\u00f3n. En el momento de la aceptaci\u00f3n de las presentes condiciones generales, <span data-olk-copy-source=\"MessageBody\">Huttopia Armalygal<\/span> precisar\u00e1 del Usuario la recogida de unos datos imprescindibles para la prestaci\u00f3n de sus servicios.<\/p>\n<h3 class=\"font_8\">Registro de ficheros y formularios<\/h3>\n<p class=\"font_8\">La cumplimentaci\u00f3n del formulario de registro es obligatoria para acceder y disfrutar de determinados servicios ofrecidos en la web. El no facilitar los datos personales solicitados o el no aceptar la presente pol\u00edtica de protecci\u00f3n de datos supone la imposibilidad de suscribirse, registrarse o participar en cualquiera de las promociones en las que se soliciten datos car\u00e1cter personal.<\/p>\n<p class=\"font_8\">A efecto de lo previsto en RGPD de 27 de abril de 2016, le informamos que los datos personales que se obtengan como consecuencia de su registro como Usuario, ser\u00e1n incorporados a un fichero titularidad de <span data-olk-copy-source=\"MessageBody\">Huttopia Armalygal<\/span> con C.I.F <span data-olk-copy-source=\"MessageBody\">B26918235<\/span> y domicilio en CARRETERA A132 KM 38, MURILLO DE G\u00c1LLEGO, 22808, <span data-olk-copy-source=\"MessageBody\">Zaragoza<\/span>, teniendo implementadas las medidas de seguridad establecidas en el Real Decreto 1720\/2007, de 11 de junio.<\/p>\n<h3 class=\"font_8\">Exactitud y veracidad de los datos facilitados<\/h3>\n<p class=\"font_8\">El Usuario es el \u00fanico responsable de la veracidad y correcci\u00f3n de los datos incluidos, exoner\u00e1ndose <span data-olk-copy-source=\"MessageBody\">Huttopia Armalygal<\/span> de cualquier responsabilidad al respecto. Los usuarios garantizan y responden, en cualquier caso, de la exactitud, vigencia y autenticidad de los datos personales facilitados, y se comprometen a mantenerlos debidamente actualizados. El usuario acepta proporcionar informaci\u00f3n completa y correcta en el formulario de registro o suscripci\u00f3n. <span data-olk-copy-source=\"MessageBody\">Huttopia Armalygal<\/span> no responde de la veracidad de las informaciones que no sean de elaboraci\u00f3n propia y de las que se indique otra fuente, por lo que tampoco asume responsabilidad alguna en cuanto a hipot\u00e9ticos perjuicios que pudieran originarse por el uso de dicha informaci\u00f3n.\u00a0 <span data-olk-copy-source=\"MessageBody\">Huttopia Armalygal<\/span> se reserva el derecho a actualizar, modificar o eliminar la informaci\u00f3n contenida en sus p\u00e1ginas web pudiendo incluso limitar o no permitir el acceso a dicha informaci\u00f3n. Se exonera a <span data-olk-copy-source=\"MessageBody\">Huttopia Armalygal<\/span> de responsabilidad ante cualquier da\u00f1o o perjuicio que pudiera sufrir el Usuario como consecuencia de errores, defectos u omisiones, en la informaci\u00f3n facilitada por ARMALYGAL, S.L. siempre que proceda de fuentes ajenas a <span data-olk-copy-source=\"MessageBody\">Huttopia Armalygal.<\/span><\/p>\n<h3 class=\"font_8\">Cookies<\/h3>\n<p class=\"font_8\">El sitio \u00a0no utiliza cookies, considerando tales ficheros f\u00edsicos de informaci\u00f3n alojados en el propio terminal del usuario y sirven para facilitar la navegaci\u00f3n del usuario por el portal. De todas formas, el usuario tiene la posibilidad de configurar el navegador de tal modo que impida la instalaci\u00f3n de estos archivos.<\/p>\n<h3 class=\"font_8\">Finalidades<\/h3>\n<p class=\"font_8\">Las finalidades de <span data-olk-copy-source=\"MessageBody\">Huttopia Armalygal<\/span>\u00a0son el mantenimiento y gesti\u00f3n de la relaci\u00f3n con el Usuario, as\u00ed como las labores de informaci\u00f3n.<\/p>\n<h3 class=\"font_8\">Menores de edad<\/h3>\n<p class=\"font_8\">En el supuesto que algunos de nuestros servicios vayan dirigidos espec\u00edficamente a menores de edad, <span data-olk-copy-source=\"MessageBody\">Huttopia Armalygal<\/span> solicitar\u00e1 la conformidad de los padres o tutores para la recogida de los datos personales o, en su caso, para el tratamiento automatizado de los datos.<\/p>\n<h3 class=\"font_8\">Cesi\u00f3n de datos a terceros<\/h3>\n<p class=\"font_8\"><span data-olk-copy-source=\"MessageBody\">Huttopia Armalygal<\/span>\u00a0no realizar\u00e1 cesi\u00f3n de datos de los usuarios a terceros.<\/p>\n<h3 class=\"font_8\">Ejercicio de derechos de acceso, rectificaci\u00f3n, cancelaci\u00f3n y oposici\u00f3n<\/h3>\n<p class=\"font_8\">Podr\u00e1 dirigir sus comunicaciones y ejercitar los derechos de acceso, rectificaci\u00f3n, supresi\u00f3n, limitaci\u00f3n, portabilidad y oposici\u00f3n en la direcci\u00f3n de Internet a \u00a0o bien por correo ordinario dirigido a <span data-olk-copy-source=\"MessageBody\">Huttopia Armalygal<\/span> Ref. RGPD, en CARRETERA A132 KM 38, MURILLO DE G\u00c1LLEGO, 22808, <span data-olk-copy-source=\"MessageBody\">Zaragoza<\/span>. Para ejercer dichos derechos es necesario que usted acredite su personalidad frente a <span data-olk-copy-source=\"MessageBody\">Huttopia Armalygal<\/span> mediante el env\u00edo de fotocopia de Documento Nacional de Identidad o cualquier otro medio v\u00e1lido en Derecho. No obstante, la modificaci\u00f3n o rectificaci\u00f3n de sus datos de registro se podr\u00e1 realizar en el propio Site identific\u00e1ndose, previamente, con su usuario y contrase\u00f1a.<\/p>\n<h3 class=\"font_8\">Medidas de seguridad<\/h3>\n<p class=\"font_8\"><span data-olk-copy-source=\"MessageBody\">Huttopia Armalygal<\/span> \u00a0ha adoptado los niveles de seguridad de protecci\u00f3n de los Datos Personales legalmente requeridos, y procuran instalar aquellos otros medios y medidas t\u00e9cnicas adicionales a su alcance para evitar la p\u00e9rdida, mal uso, alteraci\u00f3n, acceso no autorizado y robo de los Datos Personales facilitados a <span data-olk-copy-source=\"MessageBody\">Huttopia Armalygal<\/span> no ser\u00e1 responsable de posibles da\u00f1os o perjuicios que se pudieran derivar de interferencias, omisiones, interrupciones, virus inform\u00e1ticos, aver\u00edas telef\u00f3nicas o desconexiones en el funcionamiento operativo de este sistema electr\u00f3nico, motivadas por causas ajenas a <span data-olk-copy-source=\"MessageBody\">Huttopia Armalygal<\/span> de retrasos o bloqueos en el uso del presente sistema electr\u00f3nico causados por deficiencias o sobrecargas de l\u00edneas telef\u00f3nicas o sobrecargas en el Centro de Procesos de Datos, en el sistema de Internet o en otros sistemas electr\u00f3nicos, as\u00ed como de da\u00f1os que puedan ser causados por terceras personas mediante intromisiones ileg\u00edtimas fuera del control de<span data-olk-copy-source=\"MessageBody\">Huttopia Armalygal.<\/span> Ello, no obstante, el Usuario debe ser consciente de que las medidas de seguridad en Internet no son inexpugnables.<\/p>\n<h3 class=\"font_8\">Aceptaci\u00f3n y consentimiento<\/h3>\n<p class=\"font_8\">El usuario declara haber sido informado de las condiciones sobre protecci\u00f3n de datos personales, aceptando y consintiendo el tratamiento automatizado de los mismos por parte de <span data-olk-copy-source=\"MessageBody\">\u00a0Huttopia Armalygal<\/span>, en la forma y para las finalidades indicadas en la presente Pol\u00edtica de Protecci\u00f3n de Datos Personales. Ciertos servicios prestados en el Portal pueden contener condiciones particulares con previsiones espec\u00edficas en materia de protecci\u00f3n de Datos Personales<\/p>\n<\/header>\n<p>[\/vc_column_text][\/vc_column][\/vc_row]<\/p>\n<\/div>","protected":false},"excerpt":{"rendered":"<p>[vc_row css_animation=\u00a0\u00bb\u00a0\u00bb row_type=\u00a0\u00bbrow\u00a0\u00bb use_row_as_full_screen_section=\u00a0\u00bbno\u00a0\u00bb type=\u00a0\u00bbfull_width\u00a0\u00bb angled_section=\u00a0\u00bbno\u00a0\u00bb text_align=\u00a0\u00bbleft\u00a0\u00bb background_image_as_pattern=\u00a0\u00bbwithout_pattern\u00a0\u00bb el_class=\u00a0\u00bbtxt-legal\u00a0\u00bb z_index=\u00a0\u00bb\u00a0\u00bb][vc_column][vc_column_text css=\u00a0\u00bb\u00a0\u00bb] Aviso legal El presente aviso legal (en adelante, el \u00ab\u00a0Aviso Legal\u00a0\u00bb) regula el uso del servicio del portal de Internet \u00a0(en adelante, el \u00ab\u00a0Web\u00a0\u00bb) de Huttopia Armalyga\u00a0con domicilio social en CARRETERA A132 KM 38,&#8230;<\/p>\n","protected":false},"author":1,"featured_media":0,"parent":0,"menu_order":0,"comment_status":"closed","ping_status":"closed","template":"","meta":{"footnotes":""},"class_list":["post-1835","page","type-page","status-publish","hentry"],"yoast_head":"<!-- This site is optimized with the Yoast SEO plugin v25.1 - https:\/\/yoast.com\/wordpress\/plugins\/seo\/ -->\n<title>Aviso Legal - Armalygal Camping<\/title>\n<meta name=\"robots\" content=\"index, follow, max-snippet:-1, max-image-preview:large, max-video-preview:-1\" \/>\n<link rel=\"canonical\" href=\"https:\/\/www.armalygal-camping.com\/fr\/aviso-legal\/\" \/>\n<meta property=\"og:locale\" content=\"fr_FR\" \/>\n<meta property=\"og:type\" content=\"article\" \/>\n<meta property=\"og:title\" content=\"Aviso Legal - Armalygal Camping\" \/>\n<meta property=\"og:description\" content=\"[vc_row css_animation=\u00a0\u00bb\u00a0\u00bb row_type=\u00a0\u00bbrow\u00a0\u00bb use_row_as_full_screen_section=\u00a0\u00bbno\u00a0\u00bb type=\u00a0\u00bbfull_width\u00a0\u00bb angled_section=\u00a0\u00bbno\u00a0\u00bb text_align=\u00a0\u00bbleft\u00a0\u00bb background_image_as_pattern=\u00a0\u00bbwithout_pattern\u00a0\u00bb el_class=\u00a0\u00bbtxt-legal\u00a0\u00bb z_index=\u00a0\u00bb\u00a0\u00bb][vc_column][vc_column_text css=\u00a0\u00bb\u00a0\u00bb] Aviso legal El presente aviso legal (en adelante, el \u00ab\u00a0Aviso Legal\u00a0\u00bb) regula el uso del servicio del portal de Internet \u00a0(en adelante, el \u00ab\u00a0Web\u00a0\u00bb) de Huttopia Armalyga\u00a0con domicilio social en CARRETERA A132 KM 38,...\" \/>\n<meta property=\"og:url\" content=\"https:\/\/www.armalygal-camping.com\/fr\/aviso-legal\/\" \/>\n<meta property=\"og:site_name\" content=\"Armalygal Camping\" \/>\n<meta property=\"article:modified_time\" content=\"2026-05-06T11:18:10+00:00\" \/>\n<meta name=\"twitter:card\" content=\"summary_large_image\" \/>\n<meta name=\"twitter:label1\" content=\"Dur\u00e9e de lecture estim\u00e9e\" \/>\n\t<meta name=\"twitter:data1\" content=\"7 minutes\" \/>\n<script type=\"application\/ld+json\" class=\"yoast-schema-graph\">{\"@context\":\"https:\/\/schema.org\",\"@graph\":[{\"@type\":\"WebPage\",\"@id\":\"https:\/\/www.armalygal-camping.com\/fr\/aviso-legal\/\",\"url\":\"https:\/\/www.armalygal-camping.com\/fr\/aviso-legal\/\",\"name\":\"Aviso Legal - Armalygal Camping\",\"isPartOf\":{\"@id\":\"https:\/\/www.armalygal-camping.com\/fr\/#website\"},\"datePublished\":\"2021-05-05T09:29:48+00:00\",\"dateModified\":\"2026-05-06T11:18:10+00:00\",\"breadcrumb\":{\"@id\":\"https:\/\/www.armalygal-camping.com\/fr\/aviso-legal\/#breadcrumb\"},\"inLanguage\":\"fr-FR\",\"potentialAction\":[{\"@type\":\"ReadAction\",\"target\":[\"https:\/\/www.armalygal-camping.com\/fr\/aviso-legal\/\"]}]},{\"@type\":\"BreadcrumbList\",\"@id\":\"https:\/\/www.armalygal-camping.com\/fr\/aviso-legal\/#breadcrumb\",\"itemListElement\":[{\"@type\":\"ListItem\",\"position\":1,\"name\":\"Portada\",\"item\":\"https:\/\/www.armalygal-camping.com\/fr\/\"},{\"@type\":\"ListItem\",\"position\":2,\"name\":\"Aviso Legal\"}]},{\"@type\":\"WebSite\",\"@id\":\"https:\/\/www.armalygal-camping.com\/fr\/#website\",\"url\":\"https:\/\/www.armalygal-camping.com\/fr\/\",\"name\":\"Armalygal Camping\",\"description\":\"Camping Eco-Friendly en Murillo de G\u00e1llego\",\"publisher\":{\"@id\":\"https:\/\/www.armalygal-camping.com\/fr\/#organization\"},\"potentialAction\":[{\"@type\":\"SearchAction\",\"target\":{\"@type\":\"EntryPoint\",\"urlTemplate\":\"https:\/\/www.armalygal-camping.com\/fr\/?s={search_term_string}\"},\"query-input\":{\"@type\":\"PropertyValueSpecification\",\"valueRequired\":true,\"valueName\":\"search_term_string\"}}],\"inLanguage\":\"fr-FR\"},{\"@type\":\"Organization\",\"@id\":\"https:\/\/www.armalygal-camping.com\/fr\/#organization\",\"name\":\"Armalygal Camping\",\"url\":\"https:\/\/www.armalygal-camping.com\/fr\/\",\"logo\":{\"@type\":\"ImageObject\",\"inLanguage\":\"fr-FR\",\"@id\":\"https:\/\/www.armalygal-camping.com\/fr\/#\/schema\/logo\/image\/\",\"url\":\"https:\/\/www.armalygal-camping.com\/wp-content\/uploads\/2021\/04\/logo.svg\",\"contentUrl\":\"https:\/\/www.armalygal-camping.com\/wp-content\/uploads\/2021\/04\/logo.svg\",\"width\":150,\"height\":150,\"caption\":\"Armalygal Camping\"},\"image\":{\"@id\":\"https:\/\/www.armalygal-camping.com\/fr\/#\/schema\/logo\/image\/\"}}]}<\/script>\n<!-- \/ Yoast SEO plugin. -->","yoast_head_json":{"title":"Aviso Legal - Armalygal Camping","robots":{"index":"index","follow":"follow","max-snippet":"max-snippet:-1","max-image-preview":"max-image-preview:large","max-video-preview":"max-video-preview:-1"},"canonical":"https:\/\/www.armalygal-camping.com\/fr\/aviso-legal\/","og_locale":"fr_FR","og_type":"article","og_title":"Aviso Legal - Armalygal Camping","og_description":"[vc_row css_animation=\u00a0\u00bb\u00a0\u00bb row_type=\u00a0\u00bbrow\u00a0\u00bb use_row_as_full_screen_section=\u00a0\u00bbno\u00a0\u00bb type=\u00a0\u00bbfull_width\u00a0\u00bb angled_section=\u00a0\u00bbno\u00a0\u00bb text_align=\u00a0\u00bbleft\u00a0\u00bb background_image_as_pattern=\u00a0\u00bbwithout_pattern\u00a0\u00bb el_class=\u00a0\u00bbtxt-legal\u00a0\u00bb z_index=\u00a0\u00bb\u00a0\u00bb][vc_column][vc_column_text css=\u00a0\u00bb\u00a0\u00bb] Aviso legal El presente aviso legal (en adelante, el \u00ab\u00a0Aviso Legal\u00a0\u00bb) regula el uso del servicio del portal de Internet \u00a0(en adelante, el \u00ab\u00a0Web\u00a0\u00bb) de Huttopia Armalyga\u00a0con domicilio social en CARRETERA A132 KM 38,...","og_url":"https:\/\/www.armalygal-camping.com\/fr\/aviso-legal\/","og_site_name":"Armalygal Camping","article_modified_time":"2026-05-06T11:18:10+00:00","twitter_card":"summary_large_image","twitter_misc":{"Dur\u00e9e de lecture estim\u00e9e":"7 minutes"},"schema":{"@context":"https:\/\/schema.org","@graph":[{"@type":"WebPage","@id":"https:\/\/www.armalygal-camping.com\/fr\/aviso-legal\/","url":"https:\/\/www.armalygal-camping.com\/fr\/aviso-legal\/","name":"Aviso Legal - Armalygal Camping","isPartOf":{"@id":"https:\/\/www.armalygal-camping.com\/fr\/#website"},"datePublished":"2021-05-05T09:29:48+00:00","dateModified":"2026-05-06T11:18:10+00:00","breadcrumb":{"@id":"https:\/\/www.armalygal-camping.com\/fr\/aviso-legal\/#breadcrumb"},"inLanguage":"fr-FR","potentialAction":[{"@type":"ReadAction","target":["https:\/\/www.armalygal-camping.com\/fr\/aviso-legal\/"]}]},{"@type":"BreadcrumbList","@id":"https:\/\/www.armalygal-camping.com\/fr\/aviso-legal\/#breadcrumb","itemListElement":[{"@type":"ListItem","position":1,"name":"Portada","item":"https:\/\/www.armalygal-camping.com\/fr\/"},{"@type":"ListItem","position":2,"name":"Aviso Legal"}]},{"@type":"WebSite","@id":"https:\/\/www.armalygal-camping.com\/fr\/#website","url":"https:\/\/www.armalygal-camping.com\/fr\/","name":"Armalygal Camping","description":"Camping Eco-Friendly en Murillo de G\u00e1llego","publisher":{"@id":"https:\/\/www.armalygal-camping.com\/fr\/#organization"},"potentialAction":[{"@type":"SearchAction","target":{"@type":"EntryPoint","urlTemplate":"https:\/\/www.armalygal-camping.com\/fr\/?s={search_term_string}"},"query-input":{"@type":"PropertyValueSpecification","valueRequired":true,"valueName":"search_term_string"}}],"inLanguage":"fr-FR"},{"@type":"Organization","@id":"https:\/\/www.armalygal-camping.com\/fr\/#organization","name":"Armalygal Camping","url":"https:\/\/www.armalygal-camping.com\/fr\/","logo":{"@type":"ImageObject","inLanguage":"fr-FR","@id":"https:\/\/www.armalygal-camping.com\/fr\/#\/schema\/logo\/image\/","url":"https:\/\/www.armalygal-camping.com\/wp-content\/uploads\/2021\/04\/logo.svg","contentUrl":"https:\/\/www.armalygal-camping.com\/wp-content\/uploads\/2021\/04\/logo.svg","width":150,"height":150,"caption":"Armalygal Camping"},"image":{"@id":"https:\/\/www.armalygal-camping.com\/fr\/#\/schema\/logo\/image\/"}}]}},"_links":{"self":[{"href":"https:\/\/www.armalygal-camping.com\/fr\/wp-json\/wp\/v2\/pages\/1835","targetHints":{"allow":["GET"]}}],"collection":[{"href":"https:\/\/www.armalygal-camping.com\/fr\/wp-json\/wp\/v2\/pages"}],"about":[{"href":"https:\/\/www.armalygal-camping.com\/fr\/wp-json\/wp\/v2\/types\/page"}],"author":[{"embeddable":true,"href":"https:\/\/www.armalygal-camping.com\/fr\/wp-json\/wp\/v2\/users\/1"}],"replies":[{"embeddable":true,"href":"https:\/\/www.armalygal-camping.com\/fr\/wp-json\/wp\/v2\/comments?post=1835"}],"version-history":[{"count":4,"href":"https:\/\/www.armalygal-camping.com\/fr\/wp-json\/wp\/v2\/pages\/1835\/revisions"}],"predecessor-version":[{"id":3862,"href":"https:\/\/www.armalygal-camping.com\/fr\/wp-json\/wp\/v2\/pages\/1835\/revisions\/3862"}],"wp:attachment":[{"href":"https:\/\/www.armalygal-camping.com\/fr\/wp-json\/wp\/v2\/media?parent=1835"}],"curies":[{"name":"wp","href":"https:\/\/api.w.org\/{rel}","templated":true}]}}