{"id":2002,"date":"2021-12-07T18:55:09","date_gmt":"2021-12-07T16:55:09","guid":{"rendered":"http:\/\/www.armalygal-camping.com\/reglamento-interno\/"},"modified":"2023-03-23T17:40:19","modified_gmt":"2023-03-23T15:40:19","slug":"reglamento-interno","status":"publish","type":"page","link":"https:\/\/www.armalygal-camping.com\/fr\/reglamento-interno\/","title":{"rendered":"Reglement du camping et bungalows Armalygal"},"content":{"rendered":"<div class=\"wpb-content-wrapper\"><p>[vc_row css_animation=\u00a0\u00bb\u00a0\u00bb row_type=\u00a0\u00bbrow\u00a0\u00bb use_row_as_full_screen_section=\u00a0\u00bbno\u00a0\u00bb type=\u00a0\u00bbfull_width\u00a0\u00bb angled_section=\u00a0\u00bbno\u00a0\u00bb text_align=\u00a0\u00bbleft\u00a0\u00bb background_image_as_pattern=\u00a0\u00bbwithout_pattern\u00a0\u00bb][vc_column][vc_column_text]<\/p>\n<h3 class=\"p1\"><span class=\"Apple-converted-space\">\u00a0LE<\/span><span class=\"s1\">\u00a0CAMPING<\/span><\/h3>\n<ul class=\"ul1\">\n<li class=\"li3\">Toute personne entrant dans le camping doit s\u00b4enregistrer \u00e0 la r\u00e9ception au moment de son arriv\u00e9e. De m\u00eame elle d\u00e9clarera de mani\u00e8re pr\u00e9cise tout ce qui peut \u00eatre susceptible d\u00b4\u00eatre factur\u00e9 suivant les tarifs d\u00b4Armalygal. Toute irr\u00e9gularit\u00e9 ayant lieu entre la d\u00e9claration et les objets ou personnes pr\u00e9sents dans le camping sera sujet \u00e0 facturation \u00e0 partir du d\u00e9but du s\u00e9jour.<\/li>\n<\/ul>\n<ul class=\"ul1\">\n<li class=\"li3\">L\u00b4acc\u00e8s du camping est r\u00e9serv\u00e9 aux campeurs : Toute autre personne devra soliciter en r\u00e9ception le droit de visite. La direction ou son repr\u00e9sentant se r\u00e9serve le droit d\u00b4admission.<span class=\"Apple-converted-space\">\u00a0<\/span><\/li>\n<\/ul>\n<ul class=\"ul1\">\n<li class=\"li3\">Les emplacements du camping et les bungalows sont disponibles \u00e0 partir de 17h00 le jour de votre arriv\u00e9e et doivent se lib\u00e9rer avant 11h00 du jour du d\u00e9part.<\/li>\n<\/ul>\n<ul class=\"ul1\">\n<li class=\"li3\">Le portail du camping sera ouvert de 8h30 \u00e0 23h00. Aucun v\u00e9hicule n\u00b4est admis \u00e0 circuler ni \u00e0 entrer dans l\u00b4enceinte du camping lorsque le portail est ferm\u00e9.<\/li>\n<\/ul>\n<ul class=\"ul1\">\n<li class=\"li3\">Les usagers du terrain de camping qui arrivent plus tard que 23h00 ou qui d\u00e9sirent partir avant 8h30 devra laisser son v\u00e9hicule hors du camping tout en devant l\u00b4int\u00e9gralit\u00e9 du prix de son s\u00e9jour.<\/li>\n<\/ul>\n<ul class=\"ul1\">\n<li class=\"li3\">Le silence sera absolu de 24h00 \u00e0 8h00. Les usagers du terrain de camping sont instamment pri\u00e9s d\u00b4\u00e9viter tout bruit et discussion qui pourraient g\u00eaner leurs voisins. Les appareils sonores doivent \u00eatre r\u00e9gl\u00e9s en cons\u00e9quence. Les fermetures de porti\u00e8res et coffres doivent \u00eatre aussi discr\u00e8tes que possible.<\/li>\n<\/ul>\n<ul class=\"ul1\">\n<li class=\"li3\">\u00c0 l\u00b4int\u00e9rieur du terrain de camping, les v\u00e9hicules doivent rouler \u00e0 une vitesse limit\u00e9e de 10 km\/heure. La conduite dangereuse et passer par les autres parcelles sont interdits, veuillez utiliser les pistes. Merci de rouler au pas pour le confort et la s\u00e9curit\u00e9 de tous.<\/li>\n<\/ul>\n<ul class=\"ul1\">\n<li class=\"li3\">Apr\u00e8s avoir \u00e9t\u00e9 autoris\u00e9s par le gestionnaire ou son repr\u00e9sentant, les visiteurs peuvent \u00eatre admis dans le terrain du camping sous la responsabilit\u00e9 des campeurs qui les re\u00e7oivent. Le campeur peut recevoir un ou des visiteurs \u00e0 l\u00b4accueil. Si ces visiteurs sont admis \u00e0 p\u00e9n\u00e9trer dans le terrain de camping, le campeur qui les re\u00e7oit peut \u00eatre tenu d\u00b4acquitter une redevance, dans la mesure o\u00f9 le visiteur a acc\u00e8s aux prestations et\/ou installations du terrain de camping. Cette redevance fait l\u00b4objet d\u00b4un affichage \u00e0 l\u00b4entr\u00e9e du terrain de camping et au bureau d\u00b4accueil. Les voitures des visiteurs sont interdites dans le terrain de camping. <span class=\"Apple-converted-space\">\u00a0<\/span><\/li>\n<\/ul>\n<ul class=\"ul1\">\n<li class=\"li3\">La direction n\u00b4est pas responsable des objets perdus ou d\u00e9rob\u00e9s dans l\u00b4enceinte de sa propri\u00e9t\u00e9 ni de quelconque d\u00e9t\u00e9rioration survenant aux v\u00e9hicules gar\u00e9s sur les parkings du restaurant ou de l\u00b4entr\u00e9e du terrain. De m\u00eame elle ne r\u00e9pond pas des dommages qui pourraient \u00eatre cr\u00e9\u00e9s par des ph\u00e9nom\u00e8nes m\u00e9t\u00e9orologiques : temp\u00eates, gr\u00eale, pluie, vent, neige \u2026 etc<\/li>\n<\/ul>\n<ul class=\"ul1\">\n<li class=\"li3\">Il est interdit d\u2019utiliser un barbecue ou de faire du feu en dedans et hors du camping LOI du minist\u00e8re de l\u00b4environnement en Aragon.<\/li>\n<\/ul>\n<ul class=\"ul1\">\n<li class=\"li3\">Les chiens seront toujours attach\u00e9s et surveill\u00e9s en pr\u00e9sence de leur ma\u00eetre. Les n\u00e9cessit\u00e9s biologiques de ces animaux se feront hors du camping.<\/li>\n<\/ul>\n<ul class=\"ul1\">\n<li class=\"li3\">Les groupes de mineurs sont admis sous la responsabilit\u00e9 de leur directeur qui se doit de communiquer le r\u00e8glement int\u00e9rieur du camping \u00e0 tous les participants de son groupe et de s\u2019assurer du bon respect du d\u00ect r\u00e8glement. Dans le cas contraire tout individu ayant un comportement inad\u00e9quat sera expuls\u00e9 du camping et le cas \u00e9ch\u00e9ant la direction du camping se r\u00e9serve le droit d\u2019expulser la totalit\u00e9 du groupe. Tout s\u00e9jour d\u00e9but\u00e9 ainsi que toutes les prestations r\u00e9serv\u00e9es au sein de notre \u00e9tablissement ou aupr\u00e8s du restaubar O\u00b4Spot resteront int\u00e9gralement d\u00fbes en cas d\u2019exclusion. De m\u00eame toute d\u00e9gradation ou vol commis par un membre du groupe sur un bien du camping o\u00f9 d\u2019une tierce personne pr\u00e9sente sur le camping sera \u00e0 charge int\u00e9grale du responsable l\u00e9gal du groupe. S\u2019agissant de mineurs le camping tiendra pour responsable juridique le directeur du groupe qui devra s\u2019acquitter des frais des dommages caus\u00e9s suivant l\u2019estimation donn\u00e9e par la direction du camping.<\/li>\n<\/ul>\n<h3 class=\"p11\"><span class=\"s1\">BUNGALOWS<\/span><\/h3>\n<ul class=\"ul1\">\n<li class=\"li3\">Une caution de <b>150 euros par bungalow<\/b> sera demand\u00e9e \u00e0 l\u00b4arriv\u00e9e et rendue \u00e0 la fin du s\u00e9jour en fonction de l\u00b4\u00e9tat du bungalow et de son contenu.<span class=\"Apple-converted-space\">\u00a0<\/span><\/li>\n<li class=\"li3\">Les bungalows seront rendus dans le <b>m\u00eame \u00e9tat de propret\u00e9 et d\u00b4ordre <\/b>que lorsqu\u00b4ils furent remis \u00e0 leurs locataires. <b>Si vous le d\u00e9sirez, ARMALYGAL peut se charger du nettoyage final pour un co\u00fbt suppl\u00e9mentaire de 50 \u20ac.<\/b> Dans le cas de non respect de cette clause du r\u00e8glement, Armalygal pr\u00e9l\u00e8vera directement la somme de 30 \u20ac de la caution d\u00e9pos\u00e9e le jour d\u00b4arriv\u00e9e.<span class=\"Apple-converted-space\">\u00a0<\/span><\/li>\n<li class=\"li3\">Est admis une voiture par bungalow, les v\u00e9hicules suppl\u00e9mentaires resteront gar\u00e9s derri\u00e8re le restaurant sur son parking.<span class=\"Apple-converted-space\">\u00a0<\/span><\/li>\n<li class=\"li3\">Les animaux sont admis \u00e0 l\u00b4interieur des bungalows. Ils doivent \u00eatre toujours attach\u00e9s et surveill\u00e9s. Les n\u00e9cessit\u00e9s biologiques de ces animaux se feront hors du camping.<\/li>\n<\/ul>\n<h3 class=\"p13\"><span class=\"s1\"><br \/>\nRESTAUBAR O\u00b4SPOT<\/span><\/h3>\n<p class=\"p9\"><b>Ouvert \u00e0 tous les r\u00e9sidents et au public ext\u00e9rieur. Les non r\u00e9sidents doivent y acc\u00e9der par l\u00b4ext\u00e9rieur du camping.<span class=\"Apple-converted-space\">\u00a0<\/span><\/b><\/p>\n<p class=\"p9\">Le bar restaurant ouvre tous les jours de la saison de 9H00 \u00e0 23H30 pendant les week-ends et les mois de juillet et ao\u00fbt et de 16H00 \u00e0 23H00 pour le reste de la saison de lundi \u00e0 vendredi.<\/p>\n<p style=\"font-weight: 400;\">L\u00b4horaire du petit d\u00e9j\u00e8uner est de 9H00 \u00e0 11H00, le r\u00e9pas du midi de 13H00 \u00e0 15H30 et le r\u00e9pas du soir de 20H00 \u00e0 22H30 pendant les week-ends et les mois de juillet et ao\u00fbt. Pour le reste de la saison la cuisine ouvre de 16H00 \u00e0 22H30.<\/p>\n<p style=\"font-weight: 400;\">Vous trouverez \u00e0 toute heure de quoi vous restaurez.<\/p>\n<h3 class=\"p13\"><span class=\"s1\"><br \/>\nLA PISCINE<\/span><\/h3>\n<ul class=\"ul1\">\n<li class=\"li3\">La piscine sera ouverte tous les jours de 10h00 \u00e0<span class=\"Apple-converted-space\">\u00a0 <\/span>21h00 du 01\/07 au 31\/08.<\/li>\n<li class=\"li3\">Il n\u00b4y a pas de surveillance par un ma\u00eetre nageur. <b>PISCINE NON SURVEILL\u00c9E<\/b>. <span class=\"Apple-converted-space\">\u00a0<\/span><\/li>\n<li class=\"li3\">Gratuite et r\u00e9serv\u00e9e \u00e0 l\u00b4usage exclusif des r\u00e9sidents du Camping.<span class=\"Apple-converted-space\">\u00a0<\/span><\/li>\n<li class=\"li3\">Il est obligatoire de se doucher avant de se baigner. Les enfants mineurs doivent \u00eatre accompagn\u00e9s d\u00b4un adulte.<span class=\"Apple-converted-space\">\u00a0<\/span><\/li>\n<li class=\"li3\">Il est obligatoire de respecter le r\u00e9glement de la piscine.<\/li>\n<\/ul>\n<h3 class=\"p13\"><span class=\"s1\"><br \/>\nR\u00c9CEPCION<\/span><\/h3>\n<p class=\"p9\">Ouverte tous les jours de 9h00 \u00e0 14h00 et de 15h00 \u00e0 21h00.<\/p>\n<p class=\"p9\">Vous pouvez nous joindre pendant et hors de ces horaires au <b>+34 974 38 30 05.<\/b><\/p>\n<h3 class=\"p13\"><span class=\"s1\"><br \/>\nBIKE PARK<\/span><\/h3>\n<p class=\"p3\">&#8211; Le billet est exclusivement r\u00e9serv\u00e9 aux cyclistes contre signature du document de d\u00e9claration de renonciation \u00e0 l&rsquo;action en responsabilit\u00e9.<\/p>\n<p class=\"p3\">&#8211; Vous ne pouvez pas emprunter les circuits, ils sont exclusifs \u00e0 l&rsquo;usage des v\u00e9los. Ne pas traverser les circuits, faire demi-tour et ne pas mettre en danger les usagers. Suivez les chemins balis\u00e9s pour revenir \u00e0 la sortie.<\/p>\n<p class=\"p3\">&#8211; Le port du casque est obligatoire et le port d&rsquo;un casque int\u00e9gral, de gants et de protections est recommand\u00e9.<\/p>\n<p class=\"p3\">&#8211; Vous devez circuler dans les circuits correspondant \u00e0 votre \u00e2ge et votre niveau sportif. Les cyclistes doivent adopter un comportement responsable et respectueux des autres coureurs.<\/p>\n<p class=\"p3\">&#8211; Armalygal S.L. n\u00b4est pas responsable des dommages personnels ou mat\u00e9riels que pourraient subir les pratiquants ou ceux qui pourraient causer \u00e0 des tiers.<\/p>\n<p class=\"p18\">&#8211; Il est interdit d&rsquo;entrer sur le circuit avec des v\u00e9los \u00e9lectriques, des motos, des scooters ou tout autre v\u00e9hicule qui n&rsquo;est pas un v\u00e9lo tout terrain, bmx ou enduro.<\/p>\n<p class=\"p3\">&#8211; L&rsquo;utilisateur assumera tous les dommages possibles d\u00e9riv\u00e9s de la pratique sportive qui se produisent \u00e0 la fois chez lui et chez les autres utilisateurs du parc \u00e0 v\u00e9los, exon\u00e9rant Armalygal S.L. de toute responsabilit\u00e9. refusant d&rsquo;intenter une action en justice, soit de sa part, soit par sa famille et ses amis.<\/p>\n<p class=\"p3\">&#8211; Les enfants de moins de 12 ans doivent \u00eatre accompagn\u00e9s en tout temps par leurs parents ou tuteurs. Les mineurs entre 12 et 18 ans peuvent utiliser les installations du bike park sans la pr\u00e9sence de leurs parents \/ tuteurs, mais ils auront besoin d&rsquo;une autorisation \u00e9crite et sign\u00e9e, accompagn\u00e9e d&rsquo;une photocopie de la pi\u00e8ce d&rsquo;identit\u00e9 de leur p\u00e8re \/ m\u00e8re \/ tuteur qu&rsquo;ils doivent porter \u00e0 tout moment avec lui.<\/p>\n<p class=\"p3\">&#8211; Les heures d&rsquo;ouverture: de 9h00 au coucher de soleil d\u00e8s lundi \u00e0 dimanche<span class=\"s2\">.<\/span><\/p>\n<p>-L\u00b4usage du Bike Park est gratuite et la signature du document susmentionn\u00e9 au bar O\u00b4Spot obligatoire.<\/p>\n<p>LA DIRECTION DU CAMPING SE RESERVE LE DROIT D\u00b4ADMISSION TOUT COMME D\u00b4EXPULSION EN CAS DE NON RESPECT DE L\u00b4UNE OU DE PLUSIEURS NORMES DU CAMPING[\/vc_column_text][vc_empty_space height=\u00a0\u00bb150px\u00a0\u00bb][\/vc_column][\/vc_row]<\/p>\n<\/div>","protected":false},"excerpt":{"rendered":"<p>[vc_row css_animation=\u00a0\u00bb\u00a0\u00bb row_type=\u00a0\u00bbrow\u00a0\u00bb use_row_as_full_screen_section=\u00a0\u00bbno\u00a0\u00bb type=\u00a0\u00bbfull_width\u00a0\u00bb angled_section=\u00a0\u00bbno\u00a0\u00bb text_align=\u00a0\u00bbleft\u00a0\u00bb background_image_as_pattern=\u00a0\u00bbwithout_pattern\u00a0\u00bb][vc_column][vc_column_text] \u00a0LE\u00a0CAMPING Toute personne entrant dans le camping doit s\u00b4enregistrer \u00e0 la r\u00e9ception au moment de son arriv\u00e9e. De m\u00eame elle d\u00e9clarera de mani\u00e8re pr\u00e9cise tout ce qui peut \u00eatre susceptible d\u00b4\u00eatre factur\u00e9 suivant les tarifs d\u00b4Armalygal. Toute&#8230;<\/p>\n","protected":false},"author":1,"featured_media":0,"parent":0,"menu_order":0,"comment_status":"closed","ping_status":"closed","template":"","meta":{"footnotes":""},"class_list":["post-2002","page","type-page","status-publish","hentry"],"yoast_head":"<!-- This site is optimized with the Yoast SEO plugin v25.1 - https:\/\/yoast.com\/wordpress\/plugins\/seo\/ -->\n<title>Reglement du camping et bungalows Armalygal - Armalygal Camping<\/title>\n<meta name=\"robots\" content=\"index, follow, max-snippet:-1, max-image-preview:large, max-video-preview:-1\" \/>\n<link rel=\"canonical\" href=\"https:\/\/www.armalygal-camping.com\/fr\/reglamento-interno\/\" \/>\n<meta property=\"og:locale\" content=\"fr_FR\" \/>\n<meta property=\"og:type\" content=\"article\" \/>\n<meta property=\"og:title\" content=\"Reglement du camping et bungalows Armalygal - Armalygal Camping\" \/>\n<meta property=\"og:description\" content=\"[vc_row css_animation=\u00a0\u00bb\u00a0\u00bb row_type=\u00a0\u00bbrow\u00a0\u00bb use_row_as_full_screen_section=\u00a0\u00bbno\u00a0\u00bb type=\u00a0\u00bbfull_width\u00a0\u00bb angled_section=\u00a0\u00bbno\u00a0\u00bb text_align=\u00a0\u00bbleft\u00a0\u00bb background_image_as_pattern=\u00a0\u00bbwithout_pattern\u00a0\u00bb][vc_column][vc_column_text] \u00a0LE\u00a0CAMPING Toute personne entrant dans le camping doit s\u00b4enregistrer \u00e0 la r\u00e9ception au moment de son arriv\u00e9e. De m\u00eame elle d\u00e9clarera de mani\u00e8re pr\u00e9cise tout ce qui peut \u00eatre susceptible d\u00b4\u00eatre factur\u00e9 suivant les tarifs d\u00b4Armalygal. Toute...\" \/>\n<meta property=\"og:url\" content=\"https:\/\/www.armalygal-camping.com\/fr\/reglamento-interno\/\" \/>\n<meta property=\"og:site_name\" content=\"Armalygal Camping\" \/>\n<meta property=\"article:modified_time\" content=\"2023-03-23T15:40:19+00:00\" \/>\n<meta name=\"twitter:card\" content=\"summary_large_image\" \/>\n<meta name=\"twitter:label1\" content=\"Dur\u00e9e de lecture estim\u00e9e\" \/>\n\t<meta name=\"twitter:data1\" content=\"7 minutes\" \/>\n<script type=\"application\/ld+json\" class=\"yoast-schema-graph\">{\"@context\":\"https:\/\/schema.org\",\"@graph\":[{\"@type\":\"WebPage\",\"@id\":\"https:\/\/www.armalygal-camping.com\/fr\/reglamento-interno\/\",\"url\":\"https:\/\/www.armalygal-camping.com\/fr\/reglamento-interno\/\",\"name\":\"Reglement du camping et bungalows Armalygal - Armalygal Camping\",\"isPartOf\":{\"@id\":\"https:\/\/www.armalygal-camping.com\/fr\/#website\"},\"datePublished\":\"2021-12-07T16:55:09+00:00\",\"dateModified\":\"2023-03-23T15:40:19+00:00\",\"breadcrumb\":{\"@id\":\"https:\/\/www.armalygal-camping.com\/fr\/reglamento-interno\/#breadcrumb\"},\"inLanguage\":\"fr-FR\",\"potentialAction\":[{\"@type\":\"ReadAction\",\"target\":[\"https:\/\/www.armalygal-camping.com\/fr\/reglamento-interno\/\"]}]},{\"@type\":\"BreadcrumbList\",\"@id\":\"https:\/\/www.armalygal-camping.com\/fr\/reglamento-interno\/#breadcrumb\",\"itemListElement\":[{\"@type\":\"ListItem\",\"position\":1,\"name\":\"Portada\",\"item\":\"https:\/\/www.armalygal-camping.com\/fr\/\"},{\"@type\":\"ListItem\",\"position\":2,\"name\":\"Reglement du camping et bungalows Armalygal\"}]},{\"@type\":\"WebSite\",\"@id\":\"https:\/\/www.armalygal-camping.com\/fr\/#website\",\"url\":\"https:\/\/www.armalygal-camping.com\/fr\/\",\"name\":\"Armalygal Camping\",\"description\":\"Camping Eco-Friendly en Murillo de G\u00e1llego\",\"publisher\":{\"@id\":\"https:\/\/www.armalygal-camping.com\/fr\/#organization\"},\"potentialAction\":[{\"@type\":\"SearchAction\",\"target\":{\"@type\":\"EntryPoint\",\"urlTemplate\":\"https:\/\/www.armalygal-camping.com\/fr\/?s={search_term_string}\"},\"query-input\":{\"@type\":\"PropertyValueSpecification\",\"valueRequired\":true,\"valueName\":\"search_term_string\"}}],\"inLanguage\":\"fr-FR\"},{\"@type\":\"Organization\",\"@id\":\"https:\/\/www.armalygal-camping.com\/fr\/#organization\",\"name\":\"Armalygal Camping\",\"url\":\"https:\/\/www.armalygal-camping.com\/fr\/\",\"logo\":{\"@type\":\"ImageObject\",\"inLanguage\":\"fr-FR\",\"@id\":\"https:\/\/www.armalygal-camping.com\/fr\/#\/schema\/logo\/image\/\",\"url\":\"https:\/\/www.armalygal-camping.com\/wp-content\/uploads\/2021\/04\/logo.svg\",\"contentUrl\":\"https:\/\/www.armalygal-camping.com\/wp-content\/uploads\/2021\/04\/logo.svg\",\"width\":150,\"height\":150,\"caption\":\"Armalygal Camping\"},\"image\":{\"@id\":\"https:\/\/www.armalygal-camping.com\/fr\/#\/schema\/logo\/image\/\"}}]}<\/script>\n<!-- \/ Yoast SEO plugin. -->","yoast_head_json":{"title":"Reglement du camping et bungalows Armalygal - Armalygal Camping","robots":{"index":"index","follow":"follow","max-snippet":"max-snippet:-1","max-image-preview":"max-image-preview:large","max-video-preview":"max-video-preview:-1"},"canonical":"https:\/\/www.armalygal-camping.com\/fr\/reglamento-interno\/","og_locale":"fr_FR","og_type":"article","og_title":"Reglement du camping et bungalows Armalygal - Armalygal Camping","og_description":"[vc_row css_animation=\u00a0\u00bb\u00a0\u00bb row_type=\u00a0\u00bbrow\u00a0\u00bb use_row_as_full_screen_section=\u00a0\u00bbno\u00a0\u00bb type=\u00a0\u00bbfull_width\u00a0\u00bb angled_section=\u00a0\u00bbno\u00a0\u00bb text_align=\u00a0\u00bbleft\u00a0\u00bb background_image_as_pattern=\u00a0\u00bbwithout_pattern\u00a0\u00bb][vc_column][vc_column_text] \u00a0LE\u00a0CAMPING Toute personne entrant dans le camping doit s\u00b4enregistrer \u00e0 la r\u00e9ception au moment de son arriv\u00e9e. De m\u00eame elle d\u00e9clarera de mani\u00e8re pr\u00e9cise tout ce qui peut \u00eatre susceptible d\u00b4\u00eatre factur\u00e9 suivant les tarifs d\u00b4Armalygal. Toute...","og_url":"https:\/\/www.armalygal-camping.com\/fr\/reglamento-interno\/","og_site_name":"Armalygal Camping","article_modified_time":"2023-03-23T15:40:19+00:00","twitter_card":"summary_large_image","twitter_misc":{"Dur\u00e9e de lecture estim\u00e9e":"7 minutes"},"schema":{"@context":"https:\/\/schema.org","@graph":[{"@type":"WebPage","@id":"https:\/\/www.armalygal-camping.com\/fr\/reglamento-interno\/","url":"https:\/\/www.armalygal-camping.com\/fr\/reglamento-interno\/","name":"Reglement du camping et bungalows Armalygal - Armalygal Camping","isPartOf":{"@id":"https:\/\/www.armalygal-camping.com\/fr\/#website"},"datePublished":"2021-12-07T16:55:09+00:00","dateModified":"2023-03-23T15:40:19+00:00","breadcrumb":{"@id":"https:\/\/www.armalygal-camping.com\/fr\/reglamento-interno\/#breadcrumb"},"inLanguage":"fr-FR","potentialAction":[{"@type":"ReadAction","target":["https:\/\/www.armalygal-camping.com\/fr\/reglamento-interno\/"]}]},{"@type":"BreadcrumbList","@id":"https:\/\/www.armalygal-camping.com\/fr\/reglamento-interno\/#breadcrumb","itemListElement":[{"@type":"ListItem","position":1,"name":"Portada","item":"https:\/\/www.armalygal-camping.com\/fr\/"},{"@type":"ListItem","position":2,"name":"Reglement du camping et bungalows Armalygal"}]},{"@type":"WebSite","@id":"https:\/\/www.armalygal-camping.com\/fr\/#website","url":"https:\/\/www.armalygal-camping.com\/fr\/","name":"Armalygal Camping","description":"Camping Eco-Friendly en Murillo de G\u00e1llego","publisher":{"@id":"https:\/\/www.armalygal-camping.com\/fr\/#organization"},"potentialAction":[{"@type":"SearchAction","target":{"@type":"EntryPoint","urlTemplate":"https:\/\/www.armalygal-camping.com\/fr\/?s={search_term_string}"},"query-input":{"@type":"PropertyValueSpecification","valueRequired":true,"valueName":"search_term_string"}}],"inLanguage":"fr-FR"},{"@type":"Organization","@id":"https:\/\/www.armalygal-camping.com\/fr\/#organization","name":"Armalygal Camping","url":"https:\/\/www.armalygal-camping.com\/fr\/","logo":{"@type":"ImageObject","inLanguage":"fr-FR","@id":"https:\/\/www.armalygal-camping.com\/fr\/#\/schema\/logo\/image\/","url":"https:\/\/www.armalygal-camping.com\/wp-content\/uploads\/2021\/04\/logo.svg","contentUrl":"https:\/\/www.armalygal-camping.com\/wp-content\/uploads\/2021\/04\/logo.svg","width":150,"height":150,"caption":"Armalygal Camping"},"image":{"@id":"https:\/\/www.armalygal-camping.com\/fr\/#\/schema\/logo\/image\/"}}]}},"_links":{"self":[{"href":"https:\/\/www.armalygal-camping.com\/fr\/wp-json\/wp\/v2\/pages\/2002","targetHints":{"allow":["GET"]}}],"collection":[{"href":"https:\/\/www.armalygal-camping.com\/fr\/wp-json\/wp\/v2\/pages"}],"about":[{"href":"https:\/\/www.armalygal-camping.com\/fr\/wp-json\/wp\/v2\/types\/page"}],"author":[{"embeddable":true,"href":"https:\/\/www.armalygal-camping.com\/fr\/wp-json\/wp\/v2\/users\/1"}],"replies":[{"embeddable":true,"href":"https:\/\/www.armalygal-camping.com\/fr\/wp-json\/wp\/v2\/comments?post=2002"}],"version-history":[{"count":4,"href":"https:\/\/www.armalygal-camping.com\/fr\/wp-json\/wp\/v2\/pages\/2002\/revisions"}],"predecessor-version":[{"id":2621,"href":"https:\/\/www.armalygal-camping.com\/fr\/wp-json\/wp\/v2\/pages\/2002\/revisions\/2621"}],"wp:attachment":[{"href":"https:\/\/www.armalygal-camping.com\/fr\/wp-json\/wp\/v2\/media?parent=2002"}],"curies":[{"name":"wp","href":"https:\/\/api.w.org\/{rel}","templated":true}]}}